{"id":7605,"date":"2024-11-09T15:27:49","date_gmt":"2024-11-09T13:27:49","guid":{"rendered":"https:\/\/toetra-photo.com\/?page_id=7605"},"modified":"2024-12-03T21:22:49","modified_gmt":"2024-12-03T19:22:49","slug":"noel-2024","status":"publish","type":"page","link":"https:\/\/toetra-photo.com\/en\/noel-2024\/","title":{"rendered":"Noel 2024"},"content":{"rendered":"<div class=\"animation-standby animated none\">\n<p><h2 style=\"text-align: center;\">\u2728 <strong>R\u00e9servez votre s\u00e9ance photo<\/strong><strong>\u00a0d\u00e8s maintenant !<\/strong> \u2728<\/h2>\n<p style=\"text-align: center;\">Plongez dans la magie des f\u00eates avec une s\u00e9ance photo de No\u00ebl en studio, sur un fond sp\u00e9cialement d\u00e9cor\u00e9 pour l&rsquo;occasion ! En famille ou entre amis, capturez des moments chaleureux et festifs dans un d\u00e9cor unique aux couleurs de No\u00ebl. Choisissez facilement la date et l&rsquo;heure qui vous conviennent gr\u00e2ce \u00e0 notre calendrier en ligne. Offrez-vous des souvenirs inoubliables \u00e0 partager et \u00e0 ch\u00e9rir !<\/p>\n<\/p>\n<\/div>\n<div class=\"single-image-block animation-standby animated zoomIn\" style=\"width:; margin:0 auto; margin-top:0px;margin-bottom:20px;padding-top:0;padding-bottom:0;text-align:center;\"><div class=\"block-reveal-image\"><\/div><img decoding=\"async\" src=\"https:\/\/toetra-photo.com\/wp-content\/uploads\/2024\/12\/0004_WEB.jpg\" alt=\"\"\/><\/div>\n<div class=\"single-image-block animation-standby animated zoomIn\" style=\"width:; margin:0 auto; margin-top:0px;margin-bottom:20px;padding-top:0;padding-bottom:0;text-align:center;\"><div class=\"block-reveal-image\"><\/div><img decoding=\"async\" src=\"https:\/\/toetra-photo.com\/wp-content\/uploads\/2024\/11\/0015_WEB.jpg\" alt=\"\"\/><\/div>\n<div class=\"animation-standby animated none\">\n<p><h2 style=\"text-align: center;\"><strong>La S\u00e9ance photo de No\u00ebl en studio\u00a0 est de 100\u20ac<\/strong><\/h2>\n<p style=\"text-align: center;\">\nProfitez d&rsquo;environ une heure au studio pour capturer l&rsquo;esprit des f\u00eates ! La s\u00e9ance comprend <strong>30 minutes<\/strong> de prise de vue sur un fond sp\u00e9cialement d\u00e9cor\u00e9 pour No\u00ebl, suivies de <strong>30 minutes<\/strong> pour choisir vos photos pr\u00e9f\u00e9r\u00e9es. Pour <strong>100\u20ac<\/strong>, vous recevrez <strong>5 photos retouch\u00e9es<\/strong> en version num\u00e9rique, pr\u00eates \u00e0 \u00eatre partag\u00e9es.<\/p>\n<\/p>\n<\/div>\n<p><!-- D\u00e9but de widget en ligne Calendly --><\/p>\n<div class=\"calendly-inline-widget\" data-url=\"https:\/\/calendly.com\/toetrafi\/seance-photo-de-noel-2024-en-famille?hide_gdpr_banner=1\" style=\"min-width:320px;height:700px;\"><\/div>\n<p><script type=\"text\/javascript\" src=\"https:\/\/assets.calendly.com\/assets\/external\/widget.js\" async><\/script><br \/>\n<!-- Fin de widget en ligne Calendly --><\/p>\n<div class=\"single-image-block animation-standby animated zoomIn\" style=\"width:; margin:0 auto; margin-top:0px;margin-bottom:20px;padding-top:0;padding-bottom:0;text-align:center;\"><div class=\"block-reveal-image\"><\/div><img decoding=\"async\" src=\"https:\/\/toetra-photo.com\/wp-content\/uploads\/2024\/11\/0012_WEB.jpg\" alt=\"\"\/><\/div>\n<div class=\"single-image-block animation-standby animated zoomIn\" style=\"width:; margin:0 auto; margin-top:0px;margin-bottom:20px;padding-top:0;padding-bottom:0;text-align:center;\"><div class=\"block-reveal-image\"><\/div><img decoding=\"async\" src=\"https:\/\/toetra-photo.com\/wp-content\/uploads\/2024\/12\/0001_WEB.jpg\" alt=\"\"\/><\/div>\n<div class=\"single-image-block animation-standby animated zoomIn\" style=\"width:; margin:0 auto; margin-top:0px;margin-bottom:10px;padding-top:0;padding-bottom:0;text-align:center;\"><div class=\"block-reveal-image\"><\/div><img decoding=\"async\" src=\"https:\/\/toetra-photo.com\/wp-content\/uploads\/2024\/11\/0013_WEB.jpg\" alt=\"\"\/><\/div>\n<div class=\"button-shortcode button-shortcode-69f627370b4a9\" style=\"text-align:center;\"><a href=\"https:\/\/toetra-photo.com\/en\/contactez-moi\/\" _self><div style=\"border-color: #be1e2d; color: #be1e2d;\" data-backgroundafter=\"#be1e2d\" data-buttonid=\"69f627370b4a9\"  class=\"mtheme-button button-has-a-color\"><span class=\"button-icon\"><i class=\"fa fa-calendar\"><\/i><\/span>CONTACT US<\/div><\/a><\/div>\n<p><iframe src=\"https:\/\/www.google.com\/maps\/embed?pb=!1m18!1m12!1m3!1d2892.3080112639504!2d6.46122607581139!3d43.53762097110779!2m3!1f0!2f0!3f0!3m2!1i1024!2i768!4f13.1!3m3!1m2!1s0x12ceab8ee0086e3d%3A0xac0c4e78c3940db6!2s39%20Rue%20d'Arm%C3%A9nie%2C%2083300%20Draguignan!5e0!3m2!1sfr!2sfr!4v1731160906643!5m2!1sfr!2sfr\" width=\"1200\" height=\"400\" style=\"border:0;\" allowfullscreen=\"\" loading=\"lazy\" referrerpolicy=\"no-referrer-when-downgrade\"><\/iframe><\/p>","protected":false},"excerpt":{"rendered":"<p>\u2728 R\u00e9servez votre s\u00e9ance photo\u00a0d\u00e8s maintenant ! \u2728 Plongez dans la magie des f\u00eates avec une s\u00e9ance photo de No\u00ebl en studio, sur un fond sp\u00e9cialement d\u00e9cor\u00e9 pour l&rsquo;occasion ! En famille ou entre amis, capturez des moments chaleureux et festifs dans un d\u00e9cor unique aux couleurs de No\u00ebl. Choisissez facilement la date et l&rsquo;heure qui vous conviennent gr\u00e2ce \u00e0 notre calendrier en ligne. Offrez-vous des souvenirs inoubliables \u00e0 partager et \u00e0 ch\u00e9rir ! La S\u00e9ance photo de No\u00ebl en [&hellip;]<\/p>","protected":false},"author":1,"featured_media":7638,"parent":0,"menu_order":0,"comment_status":"closed","ping_status":"closed","template":"","meta":{"footnotes":""},"class_list":["post-7605","page","type-page","status-publish","has-post-thumbnail","hentry"],"yoast_head":"<!-- This site is optimized with the Yoast SEO plugin v26.8 - https:\/\/yoast.com\/product\/yoast-seo-wordpress\/ -->\n<title>Noel 2024 | Photographe de mariage et de famille<\/title>\n<meta name=\"description\" content=\"R\u00e9servez votre s\u00e9ance photo de No\u00ebl en studio! Immortalisez des moments uniques entre proche pour un souvenir inoubliable des f\u00eates\" \/>\n<meta name=\"robots\" content=\"index, follow, max-snippet:-1, max-image-preview:large, max-video-preview:-1\" \/>\n<link rel=\"canonical\" href=\"https:\/\/toetra-photo.com\/en\/noel-2024\/\" \/>\n<meta property=\"og:locale\" content=\"en_US\" \/>\n<meta property=\"og:type\" content=\"article\" \/>\n<meta property=\"og:title\" content=\"Noel 2024 | Photographe de mariage et de famille\" \/>\n<meta property=\"og:description\" content=\"R\u00e9servez votre s\u00e9ance photo de No\u00ebl en studio! Immortalisez des moments uniques entre proche pour un souvenir inoubliable des f\u00eates\" \/>\n<meta property=\"og:url\" content=\"https:\/\/toetra-photo.com\/en\/noel-2024\/\" \/>\n<meta property=\"og:site_name\" content=\"Photographe de mariage et de famille\" \/>\n<meta property=\"article:publisher\" content=\"https:\/\/www.facebook.com\/ToetraPhoto\" \/>\n<meta property=\"article:modified_time\" content=\"2024-12-03T19:22:49+00:00\" \/>\n<meta property=\"og:image\" content=\"https:\/\/toetra-photo.com\/wp-content\/uploads\/2024\/11\/0012_WEB.jpg\" \/>\n\t<meta property=\"og:image:width\" content=\"1920\" \/>\n\t<meta property=\"og:image:height\" content=\"1440\" \/>\n\t<meta property=\"og:image:type\" content=\"image\/jpeg\" \/>\n<meta name=\"twitter:card\" content=\"summary_large_image\" \/>\n<meta name=\"twitter:label1\" content=\"Est. reading time\" \/>\n\t<meta name=\"twitter:data1\" content=\"2 minutes\" \/>\n<script type=\"application\/ld+json\" class=\"yoast-schema-graph\">{\"@context\":\"https:\/\/schema.org\",\"@graph\":[{\"@type\":\"Article\",\"@id\":\"https:\/\/toetra-photo.com\/noel-2024\/#article\",\"isPartOf\":{\"@id\":\"https:\/\/toetra-photo.com\/noel-2024\/\"},\"author\":{\"name\":\"toetrafi@gmail.com\",\"@id\":\"https:\/\/toetra-photo.com\/#\/schema\/person\/8ba2914e31cec244905f12e9c1fe3e3f\"},\"headline\":\"Noel 2024\",\"datePublished\":\"2024-11-09T13:27:49+00:00\",\"dateModified\":\"2024-12-03T19:22:49+00:00\",\"mainEntityOfPage\":{\"@id\":\"https:\/\/toetra-photo.com\/noel-2024\/\"},\"wordCount\":294,\"publisher\":{\"@id\":\"https:\/\/toetra-photo.com\/#\/schema\/person\/8ba2914e31cec244905f12e9c1fe3e3f\"},\"image\":{\"@id\":\"https:\/\/toetra-photo.com\/noel-2024\/#primaryimage\"},\"thumbnailUrl\":\"https:\/\/toetra-photo.com\/wp-content\/uploads\/2024\/11\/0012_WEB.jpg\",\"inLanguage\":\"en-US\"},{\"@type\":\"WebPage\",\"@id\":\"https:\/\/toetra-photo.com\/noel-2024\/\",\"url\":\"https:\/\/toetra-photo.com\/noel-2024\/\",\"name\":\"Noel 2024 | Photographe de mariage et de famille\",\"isPartOf\":{\"@id\":\"https:\/\/toetra-photo.com\/#website\"},\"primaryImageOfPage\":{\"@id\":\"https:\/\/toetra-photo.com\/noel-2024\/#primaryimage\"},\"image\":{\"@id\":\"https:\/\/toetra-photo.com\/noel-2024\/#primaryimage\"},\"thumbnailUrl\":\"https:\/\/toetra-photo.com\/wp-content\/uploads\/2024\/11\/0012_WEB.jpg\",\"datePublished\":\"2024-11-09T13:27:49+00:00\",\"dateModified\":\"2024-12-03T19:22:49+00:00\",\"description\":\"R\u00e9servez votre s\u00e9ance photo de No\u00ebl en studio! Immortalisez des moments uniques entre proche pour un souvenir inoubliable des f\u00eates\",\"breadcrumb\":{\"@id\":\"https:\/\/toetra-photo.com\/noel-2024\/#breadcrumb\"},\"inLanguage\":\"en-US\",\"potentialAction\":[{\"@type\":\"ReadAction\",\"target\":[\"https:\/\/toetra-photo.com\/noel-2024\/\"]}]},{\"@type\":\"ImageObject\",\"inLanguage\":\"en-US\",\"@id\":\"https:\/\/toetra-photo.com\/noel-2024\/#primaryimage\",\"url\":\"https:\/\/toetra-photo.com\/wp-content\/uploads\/2024\/11\/0012_WEB.jpg\",\"contentUrl\":\"https:\/\/toetra-photo.com\/wp-content\/uploads\/2024\/11\/0012_WEB.jpg\",\"width\":1920,\"height\":1440},{\"@type\":\"BreadcrumbList\",\"@id\":\"https:\/\/toetra-photo.com\/noel-2024\/#breadcrumb\",\"itemListElement\":[{\"@type\":\"ListItem\",\"position\":1,\"name\":\"Accueil\",\"item\":\"https:\/\/toetra-photo.com\/\"},{\"@type\":\"ListItem\",\"position\":2,\"name\":\"Noel 2024\"}]},{\"@type\":\"WebSite\",\"@id\":\"https:\/\/toetra-photo.com\/#website\",\"url\":\"https:\/\/toetra-photo.com\/\",\"name\":\"Photographe Draguignan Var 83\",\"description\":\"Je vous cr\u00e9e des souvenirs authentiques et intemporels. Contactez-moi pour des prestations personnalis\u00e9es\",\"publisher\":{\"@id\":\"https:\/\/toetra-photo.com\/#\/schema\/person\/8ba2914e31cec244905f12e9c1fe3e3f\"},\"alternateName\":\"Photographe de mariage\",\"potentialAction\":[{\"@type\":\"SearchAction\",\"target\":{\"@type\":\"EntryPoint\",\"urlTemplate\":\"https:\/\/toetra-photo.com\/?s={search_term_string}\"},\"query-input\":{\"@type\":\"PropertyValueSpecification\",\"valueRequired\":true,\"valueName\":\"search_term_string\"}}],\"inLanguage\":\"en-US\"},{\"@type\":[\"Person\",\"Organization\"],\"@id\":\"https:\/\/toetra-photo.com\/#\/schema\/person\/8ba2914e31cec244905f12e9c1fe3e3f\",\"name\":\"toetrafi@gmail.com\",\"image\":{\"@type\":\"ImageObject\",\"inLanguage\":\"en-US\",\"@id\":\"https:\/\/toetra-photo.com\/#\/schema\/person\/image\/\",\"url\":\"https:\/\/toetra-photo.com\/wp-content\/uploads\/2023\/01\/Logo-Toetra-Raly-John-noir.png\",\"contentUrl\":\"https:\/\/toetra-photo.com\/wp-content\/uploads\/2023\/01\/Logo-Toetra-Raly-John-noir.png\",\"width\":475,\"height\":136,\"caption\":\"toetrafi@gmail.com\"},\"logo\":{\"@id\":\"https:\/\/toetra-photo.com\/#\/schema\/person\/image\/\"},\"sameAs\":[\"https:\/\/toetra-photo.com\",\"https:\/\/www.facebook.com\/ToetraPhoto\",\"https:\/\/www.instagram.com\/toetra_raly_john\"]}]}<\/script>\n<!-- \/ Yoast SEO plugin. -->","yoast_head_json":{"title":"Noel 2024 | Photographe de mariage et de famille","description":"R\u00e9servez votre s\u00e9ance photo de No\u00ebl en studio! Immortalisez des moments uniques entre proche pour un souvenir inoubliable des f\u00eates","robots":{"index":"index","follow":"follow","max-snippet":"max-snippet:-1","max-image-preview":"max-image-preview:large","max-video-preview":"max-video-preview:-1"},"canonical":"https:\/\/toetra-photo.com\/en\/noel-2024\/","og_locale":"en_US","og_type":"article","og_title":"Noel 2024 | Photographe de mariage et de famille","og_description":"R\u00e9servez votre s\u00e9ance photo de No\u00ebl en studio! Immortalisez des moments uniques entre proche pour un souvenir inoubliable des f\u00eates","og_url":"https:\/\/toetra-photo.com\/en\/noel-2024\/","og_site_name":"Photographe de mariage et de famille","article_publisher":"https:\/\/www.facebook.com\/ToetraPhoto","article_modified_time":"2024-12-03T19:22:49+00:00","og_image":[{"width":1920,"height":1440,"url":"https:\/\/toetra-photo.com\/wp-content\/uploads\/2024\/11\/0012_WEB.jpg","type":"image\/jpeg"}],"twitter_card":"summary_large_image","twitter_misc":{"Est. reading time":"2 minutes"},"schema":{"@context":"https:\/\/schema.org","@graph":[{"@type":"Article","@id":"https:\/\/toetra-photo.com\/noel-2024\/#article","isPartOf":{"@id":"https:\/\/toetra-photo.com\/noel-2024\/"},"author":{"name":"toetrafi@gmail.com","@id":"https:\/\/toetra-photo.com\/#\/schema\/person\/8ba2914e31cec244905f12e9c1fe3e3f"},"headline":"Noel 2024","datePublished":"2024-11-09T13:27:49+00:00","dateModified":"2024-12-03T19:22:49+00:00","mainEntityOfPage":{"@id":"https:\/\/toetra-photo.com\/noel-2024\/"},"wordCount":294,"publisher":{"@id":"https:\/\/toetra-photo.com\/#\/schema\/person\/8ba2914e31cec244905f12e9c1fe3e3f"},"image":{"@id":"https:\/\/toetra-photo.com\/noel-2024\/#primaryimage"},"thumbnailUrl":"https:\/\/toetra-photo.com\/wp-content\/uploads\/2024\/11\/0012_WEB.jpg","inLanguage":"en-US"},{"@type":"WebPage","@id":"https:\/\/toetra-photo.com\/noel-2024\/","url":"https:\/\/toetra-photo.com\/noel-2024\/","name":"Noel 2024 | Photographe de mariage et de famille","isPartOf":{"@id":"https:\/\/toetra-photo.com\/#website"},"primaryImageOfPage":{"@id":"https:\/\/toetra-photo.com\/noel-2024\/#primaryimage"},"image":{"@id":"https:\/\/toetra-photo.com\/noel-2024\/#primaryimage"},"thumbnailUrl":"https:\/\/toetra-photo.com\/wp-content\/uploads\/2024\/11\/0012_WEB.jpg","datePublished":"2024-11-09T13:27:49+00:00","dateModified":"2024-12-03T19:22:49+00:00","description":"R\u00e9servez votre s\u00e9ance photo de No\u00ebl en studio! Immortalisez des moments uniques entre proche pour un souvenir inoubliable des f\u00eates","breadcrumb":{"@id":"https:\/\/toetra-photo.com\/noel-2024\/#breadcrumb"},"inLanguage":"en-US","potentialAction":[{"@type":"ReadAction","target":["https:\/\/toetra-photo.com\/noel-2024\/"]}]},{"@type":"ImageObject","inLanguage":"en-US","@id":"https:\/\/toetra-photo.com\/noel-2024\/#primaryimage","url":"https:\/\/toetra-photo.com\/wp-content\/uploads\/2024\/11\/0012_WEB.jpg","contentUrl":"https:\/\/toetra-photo.com\/wp-content\/uploads\/2024\/11\/0012_WEB.jpg","width":1920,"height":1440},{"@type":"BreadcrumbList","@id":"https:\/\/toetra-photo.com\/noel-2024\/#breadcrumb","itemListElement":[{"@type":"ListItem","position":1,"name":"Accueil","item":"https:\/\/toetra-photo.com\/"},{"@type":"ListItem","position":2,"name":"Noel 2024"}]},{"@type":"WebSite","@id":"https:\/\/toetra-photo.com\/#website","url":"https:\/\/toetra-photo.com\/","name":"Photographe Draguignan Var 83","description":"Je vous cr\u00e9e des souvenirs authentiques et intemporels. Contactez-moi pour des prestations personnalis\u00e9es","publisher":{"@id":"https:\/\/toetra-photo.com\/#\/schema\/person\/8ba2914e31cec244905f12e9c1fe3e3f"},"alternateName":"Photographe de mariage","potentialAction":[{"@type":"SearchAction","target":{"@type":"EntryPoint","urlTemplate":"https:\/\/toetra-photo.com\/?s={search_term_string}"},"query-input":{"@type":"PropertyValueSpecification","valueRequired":true,"valueName":"search_term_string"}}],"inLanguage":"en-US"},{"@type":["Person","Organization"],"@id":"https:\/\/toetra-photo.com\/#\/schema\/person\/8ba2914e31cec244905f12e9c1fe3e3f","name":"toetrafi@gmail.com","image":{"@type":"ImageObject","inLanguage":"en-US","@id":"https:\/\/toetra-photo.com\/#\/schema\/person\/image\/","url":"https:\/\/toetra-photo.com\/wp-content\/uploads\/2023\/01\/Logo-Toetra-Raly-John-noir.png","contentUrl":"https:\/\/toetra-photo.com\/wp-content\/uploads\/2023\/01\/Logo-Toetra-Raly-John-noir.png","width":475,"height":136,"caption":"toetrafi@gmail.com"},"logo":{"@id":"https:\/\/toetra-photo.com\/#\/schema\/person\/image\/"},"sameAs":["https:\/\/toetra-photo.com","https:\/\/www.facebook.com\/ToetraPhoto","https:\/\/www.instagram.com\/toetra_raly_john"]}]}},"_links":{"self":[{"href":"https:\/\/toetra-photo.com\/en\/wp-json\/wp\/v2\/pages\/7605","targetHints":{"allow":["GET"]}}],"collection":[{"href":"https:\/\/toetra-photo.com\/en\/wp-json\/wp\/v2\/pages"}],"about":[{"href":"https:\/\/toetra-photo.com\/en\/wp-json\/wp\/v2\/types\/page"}],"author":[{"embeddable":true,"href":"https:\/\/toetra-photo.com\/en\/wp-json\/wp\/v2\/users\/1"}],"replies":[{"embeddable":true,"href":"https:\/\/toetra-photo.com\/en\/wp-json\/wp\/v2\/comments?post=7605"}],"version-history":[{"count":41,"href":"https:\/\/toetra-photo.com\/en\/wp-json\/wp\/v2\/pages\/7605\/revisions"}],"predecessor-version":[{"id":7655,"href":"https:\/\/toetra-photo.com\/en\/wp-json\/wp\/v2\/pages\/7605\/revisions\/7655"}],"wp:featuredmedia":[{"embeddable":true,"href":"https:\/\/toetra-photo.com\/en\/wp-json\/wp\/v2\/media\/7638"}],"wp:attachment":[{"href":"https:\/\/toetra-photo.com\/en\/wp-json\/wp\/v2\/media?parent=7605"}],"curies":[{"name":"wp","href":"https:\/\/api.w.org\/{rel}","templated":true}]}}