{"id":5090,"date":"2023-02-12T00:22:08","date_gmt":"2023-02-11T22:22:08","guid":{"rendered":"https:\/\/toetra-photo.com\/?page_id=5090"},"modified":"2023-02-12T00:25:35","modified_gmt":"2023-02-11T22:25:35","slug":"politique-de-confidentialite","status":"publish","type":"page","link":"https:\/\/toetra-photo.com\/en\/politique-de-confidentialite\/","title":{"rendered":"Privacy policy"},"content":{"rendered":"<div class=\"ff-el-group ff-el-section-break ff_left\" data-name=\"section_break-6_23\">\n<hr \/>\n<\/div>\n<div class=\"ff-el-group ff-custom_html\" data-name=\"custom_html-6_24\">\n<h2>Privacy policy<\/h2>\n<h3 id=\"qui-sommes-nous\"><span id=\"lwptoc29\">Who are we?<\/span><\/h3>\n<ul>\n<li><span class=\"ff_dynamic_value\" data-ref=\"coordonnees\" data-fallback=\"\">Toetra RALY JOHN Photographer<\/span><\/li>\n<li><span class=\"ff_dynamic_value\" data-ref=\"email\" data-fallback=\"\">contact@toetra-photo.com<\/span><\/li>\n<li><span class=\"ff_dynamic_value\" data-ref=\"url\" data-fallback=\"\">https:\/\/toetra-photo.com<\/span><\/li>\n<\/ul>\n<hr class=\"wp-block-separator\" \/>\n<h3 id=\"formulaires\"><span id=\"lwptoc32\">Contact forms<\/span><\/h3>\n<p><span class=\"ff_dynamic_value\" data-ref=\"commentaires\" data-fallback=\"\">When you write to us on our site, data is entered in the contact form, but also your IP address and your browser's user agent are collected to help us detect unwanted messages. An anonymised string created from your e-mail address (also known as a hash) may be sent to the Gravatar service to check whether you use it. The Gravatar service confidentiality clauses are available here: https:\/\/automattic.com\/privacy\/.<\/span><\/p>\n<hr class=\"wp-block-separator\" \/>\n<h3 id=\"cookies\"><span id=\"lwptoc33\">Cookies<\/span><\/h3>\n<p><span class=\"ff_dynamic_value\" data-ref=\"cookies\" data-fallback=\"\">If you fill in the form on our site, you will be asked to save your name, e-mail address and site in cookies. This is purely for your convenience, so that you do not have to enter this information if you post another comment later. These cookies expire after 6 months. If you go to the login page, a temporary cookie will be created to determine whether your browser accepts cookies. It does not contain any personal data and will be deleted automatically when you close your browser. When you log in, we will set a number of cookies to record your login information and screen preferences. The lifetime of a connection cookie is two days, that of a screen option cookie is one year. If you tick \"Remember me\", your connection cookie will be kept for a fortnight. If you log out of your account, the connection cookie will be deleted. By modifying or publishing a publication, an additional cookie will be stored in your browser. This cookie does not contain any personal data. It simply indicates the ID of the publication you have just modified. It expires after one day.<\/span><\/p>\n<hr class=\"wp-block-separator\" \/>\n<h3 id=\"contenu-embarque-depuis-d-autres-sites\"><span id=\"lwptoc34\">Embedded content from other sites<\/span><\/h3>\n<p><span class=\"ff_dynamic_value\" data-ref=\"contenu_embarque\" data-fallback=\"\">Articles on this site may include embedded content (e.g. videos, images, articles, etc.). Embedded content from other sites behaves in the same way as if the visitor were visiting that other site. These websites may collect data about you, use cookies, embed third-party tracking tools and track your interactions with this embedded content if you have a logged-in account on their website.<\/span><\/p>\n<\/div>","protected":false},"excerpt":{"rendered":"<p>Politique de confidentialit\u00e9 Qui sommes-nous\u00a0? RALY JOHN Toetra &#8211; Toetra RALY JOHN Photographe contact@toetra-photo.com https:\/\/toetra-photo.com Formulaires de contact Quand vous nous \u00e9crivez sur notre site, les donn\u00e9es sont inscrites dans le formulaire de contact, mais aussi votre adresse IP et l\u2019agent utilisateur de votre navigateur sont collect\u00e9s pour nous aider \u00e0 la d\u00e9tection des messages ind\u00e9sirables. Une cha\u00eene anonymis\u00e9e cr\u00e9\u00e9e \u00e0 partir de votre adresse e-mail (\u00e9galement appel\u00e9e hash) peut \u00eatre envoy\u00e9e au service Gravatar pour v\u00e9rifier si vous utilisez [&hellip;]<\/p>","protected":false},"author":1,"featured_media":0,"parent":0,"menu_order":0,"comment_status":"closed","ping_status":"closed","template":"","meta":{"footnotes":""},"class_list":["post-5090","page","type-page","status-publish","hentry"],"yoast_head":"<!-- This site is optimized with the Yoast SEO plugin v26.8 - https:\/\/yoast.com\/product\/yoast-seo-wordpress\/ -->\n<title>Politique de confidentialit\u00e9 | Photographe de mariage et de famille<\/title>\n<meta name=\"description\" content=\"Photographe de mariage et de famille |\" \/>\n<meta name=\"robots\" content=\"index, follow, max-snippet:-1, max-image-preview:large, max-video-preview:-1\" \/>\n<link rel=\"canonical\" href=\"https:\/\/toetra-photo.com\/en\/politique-de-confidentialite\/\" \/>\n<meta property=\"og:locale\" content=\"en_US\" \/>\n<meta property=\"og:type\" content=\"article\" \/>\n<meta property=\"og:title\" content=\"Politique de confidentialit\u00e9 | Photographe de mariage et de famille\" \/>\n<meta property=\"og:description\" content=\"Photographe de mariage et de famille |\" \/>\n<meta property=\"og:url\" content=\"https:\/\/toetra-photo.com\/en\/politique-de-confidentialite\/\" \/>\n<meta property=\"og:site_name\" content=\"Photographe de mariage et de famille\" \/>\n<meta property=\"article:publisher\" content=\"https:\/\/www.facebook.com\/ToetraPhoto\" \/>\n<meta property=\"article:modified_time\" content=\"2023-02-11T22:25:35+00:00\" \/>\n<meta property=\"og:image\" content=\"https:\/\/toetra-photo.com\/wp-content\/uploads\/2020\/10\/TRJ_2016-1.jpg\" \/>\n\t<meta property=\"og:image:width\" content=\"1920\" \/>\n\t<meta property=\"og:image:height\" content=\"1280\" \/>\n\t<meta property=\"og:image:type\" content=\"image\/jpeg\" \/>\n<meta name=\"twitter:card\" content=\"summary_large_image\" \/>\n<meta name=\"twitter:label1\" content=\"Est. reading time\" \/>\n\t<meta name=\"twitter:data1\" content=\"2 minutes\" \/>\n<script type=\"application\/ld+json\" class=\"yoast-schema-graph\">{\"@context\":\"https:\/\/schema.org\",\"@graph\":[{\"@type\":\"Article\",\"@id\":\"https:\/\/toetra-photo.com\/politique-de-confidentialite\/#article\",\"isPartOf\":{\"@id\":\"https:\/\/toetra-photo.com\/politique-de-confidentialite\/\"},\"author\":{\"name\":\"toetrafi@gmail.com\",\"@id\":\"https:\/\/toetra-photo.com\/#\/schema\/person\/8ba2914e31cec244905f12e9c1fe3e3f\"},\"headline\":\"Politique de confidentialit\u00e9\",\"datePublished\":\"2023-02-11T22:22:08+00:00\",\"dateModified\":\"2023-02-11T22:25:35+00:00\",\"mainEntityOfPage\":{\"@id\":\"https:\/\/toetra-photo.com\/politique-de-confidentialite\/\"},\"wordCount\":422,\"publisher\":{\"@id\":\"https:\/\/toetra-photo.com\/#\/schema\/person\/8ba2914e31cec244905f12e9c1fe3e3f\"},\"inLanguage\":\"en-US\"},{\"@type\":\"WebPage\",\"@id\":\"https:\/\/toetra-photo.com\/politique-de-confidentialite\/\",\"url\":\"https:\/\/toetra-photo.com\/politique-de-confidentialite\/\",\"name\":\"Politique de confidentialit\u00e9 | Photographe de mariage et de famille\",\"isPartOf\":{\"@id\":\"https:\/\/toetra-photo.com\/#website\"},\"datePublished\":\"2023-02-11T22:22:08+00:00\",\"dateModified\":\"2023-02-11T22:25:35+00:00\",\"description\":\"Photographe de mariage et de famille |\",\"breadcrumb\":{\"@id\":\"https:\/\/toetra-photo.com\/politique-de-confidentialite\/#breadcrumb\"},\"inLanguage\":\"en-US\",\"potentialAction\":[{\"@type\":\"ReadAction\",\"target\":[\"https:\/\/toetra-photo.com\/politique-de-confidentialite\/\"]}]},{\"@type\":\"BreadcrumbList\",\"@id\":\"https:\/\/toetra-photo.com\/politique-de-confidentialite\/#breadcrumb\",\"itemListElement\":[{\"@type\":\"ListItem\",\"position\":1,\"name\":\"Accueil\",\"item\":\"https:\/\/toetra-photo.com\/\"},{\"@type\":\"ListItem\",\"position\":2,\"name\":\"Politique de confidentialit\u00e9\"}]},{\"@type\":\"WebSite\",\"@id\":\"https:\/\/toetra-photo.com\/#website\",\"url\":\"https:\/\/toetra-photo.com\/\",\"name\":\"Photographe Draguignan Var 83\",\"description\":\"Je vous cr\u00e9e des souvenirs authentiques et intemporels. Contactez-moi pour des prestations personnalis\u00e9es\",\"publisher\":{\"@id\":\"https:\/\/toetra-photo.com\/#\/schema\/person\/8ba2914e31cec244905f12e9c1fe3e3f\"},\"alternateName\":\"Photographe de mariage\",\"potentialAction\":[{\"@type\":\"SearchAction\",\"target\":{\"@type\":\"EntryPoint\",\"urlTemplate\":\"https:\/\/toetra-photo.com\/?s={search_term_string}\"},\"query-input\":{\"@type\":\"PropertyValueSpecification\",\"valueRequired\":true,\"valueName\":\"search_term_string\"}}],\"inLanguage\":\"en-US\"},{\"@type\":[\"Person\",\"Organization\"],\"@id\":\"https:\/\/toetra-photo.com\/#\/schema\/person\/8ba2914e31cec244905f12e9c1fe3e3f\",\"name\":\"toetrafi@gmail.com\",\"image\":{\"@type\":\"ImageObject\",\"inLanguage\":\"en-US\",\"@id\":\"https:\/\/toetra-photo.com\/#\/schema\/person\/image\/\",\"url\":\"https:\/\/toetra-photo.com\/wp-content\/uploads\/2023\/01\/Logo-Toetra-Raly-John-noir.png\",\"contentUrl\":\"https:\/\/toetra-photo.com\/wp-content\/uploads\/2023\/01\/Logo-Toetra-Raly-John-noir.png\",\"width\":475,\"height\":136,\"caption\":\"toetrafi@gmail.com\"},\"logo\":{\"@id\":\"https:\/\/toetra-photo.com\/#\/schema\/person\/image\/\"},\"sameAs\":[\"https:\/\/toetra-photo.com\",\"https:\/\/www.facebook.com\/ToetraPhoto\",\"https:\/\/www.instagram.com\/toetra_raly_john\"]}]}<\/script>\n<!-- \/ Yoast SEO plugin. -->","yoast_head_json":{"title":"Politique de confidentialit\u00e9 | Photographe de mariage et de famille","description":"Photographe de mariage et de famille |","robots":{"index":"index","follow":"follow","max-snippet":"max-snippet:-1","max-image-preview":"max-image-preview:large","max-video-preview":"max-video-preview:-1"},"canonical":"https:\/\/toetra-photo.com\/en\/politique-de-confidentialite\/","og_locale":"en_US","og_type":"article","og_title":"Politique de confidentialit\u00e9 | Photographe de mariage et de famille","og_description":"Photographe de mariage et de famille |","og_url":"https:\/\/toetra-photo.com\/en\/politique-de-confidentialite\/","og_site_name":"Photographe de mariage et de famille","article_publisher":"https:\/\/www.facebook.com\/ToetraPhoto","article_modified_time":"2023-02-11T22:25:35+00:00","og_image":[{"width":1920,"height":1280,"url":"https:\/\/toetra-photo.com\/wp-content\/uploads\/2020\/10\/TRJ_2016-1.jpg","type":"image\/jpeg"}],"twitter_card":"summary_large_image","twitter_misc":{"Est. reading time":"2 minutes"},"schema":{"@context":"https:\/\/schema.org","@graph":[{"@type":"Article","@id":"https:\/\/toetra-photo.com\/politique-de-confidentialite\/#article","isPartOf":{"@id":"https:\/\/toetra-photo.com\/politique-de-confidentialite\/"},"author":{"name":"toetrafi@gmail.com","@id":"https:\/\/toetra-photo.com\/#\/schema\/person\/8ba2914e31cec244905f12e9c1fe3e3f"},"headline":"Politique de confidentialit\u00e9","datePublished":"2023-02-11T22:22:08+00:00","dateModified":"2023-02-11T22:25:35+00:00","mainEntityOfPage":{"@id":"https:\/\/toetra-photo.com\/politique-de-confidentialite\/"},"wordCount":422,"publisher":{"@id":"https:\/\/toetra-photo.com\/#\/schema\/person\/8ba2914e31cec244905f12e9c1fe3e3f"},"inLanguage":"en-US"},{"@type":"WebPage","@id":"https:\/\/toetra-photo.com\/politique-de-confidentialite\/","url":"https:\/\/toetra-photo.com\/politique-de-confidentialite\/","name":"Politique de confidentialit\u00e9 | Photographe de mariage et de famille","isPartOf":{"@id":"https:\/\/toetra-photo.com\/#website"},"datePublished":"2023-02-11T22:22:08+00:00","dateModified":"2023-02-11T22:25:35+00:00","description":"Photographe de mariage et de famille |","breadcrumb":{"@id":"https:\/\/toetra-photo.com\/politique-de-confidentialite\/#breadcrumb"},"inLanguage":"en-US","potentialAction":[{"@type":"ReadAction","target":["https:\/\/toetra-photo.com\/politique-de-confidentialite\/"]}]},{"@type":"BreadcrumbList","@id":"https:\/\/toetra-photo.com\/politique-de-confidentialite\/#breadcrumb","itemListElement":[{"@type":"ListItem","position":1,"name":"Accueil","item":"https:\/\/toetra-photo.com\/"},{"@type":"ListItem","position":2,"name":"Politique de confidentialit\u00e9"}]},{"@type":"WebSite","@id":"https:\/\/toetra-photo.com\/#website","url":"https:\/\/toetra-photo.com\/","name":"Photographe Draguignan Var 83","description":"Je vous cr\u00e9e des souvenirs authentiques et intemporels. Contactez-moi pour des prestations personnalis\u00e9es","publisher":{"@id":"https:\/\/toetra-photo.com\/#\/schema\/person\/8ba2914e31cec244905f12e9c1fe3e3f"},"alternateName":"Photographe de mariage","potentialAction":[{"@type":"SearchAction","target":{"@type":"EntryPoint","urlTemplate":"https:\/\/toetra-photo.com\/?s={search_term_string}"},"query-input":{"@type":"PropertyValueSpecification","valueRequired":true,"valueName":"search_term_string"}}],"inLanguage":"en-US"},{"@type":["Person","Organization"],"@id":"https:\/\/toetra-photo.com\/#\/schema\/person\/8ba2914e31cec244905f12e9c1fe3e3f","name":"toetrafi@gmail.com","image":{"@type":"ImageObject","inLanguage":"en-US","@id":"https:\/\/toetra-photo.com\/#\/schema\/person\/image\/","url":"https:\/\/toetra-photo.com\/wp-content\/uploads\/2023\/01\/Logo-Toetra-Raly-John-noir.png","contentUrl":"https:\/\/toetra-photo.com\/wp-content\/uploads\/2023\/01\/Logo-Toetra-Raly-John-noir.png","width":475,"height":136,"caption":"toetrafi@gmail.com"},"logo":{"@id":"https:\/\/toetra-photo.com\/#\/schema\/person\/image\/"},"sameAs":["https:\/\/toetra-photo.com","https:\/\/www.facebook.com\/ToetraPhoto","https:\/\/www.instagram.com\/toetra_raly_john"]}]}},"_links":{"self":[{"href":"https:\/\/toetra-photo.com\/en\/wp-json\/wp\/v2\/pages\/5090","targetHints":{"allow":["GET"]}}],"collection":[{"href":"https:\/\/toetra-photo.com\/en\/wp-json\/wp\/v2\/pages"}],"about":[{"href":"https:\/\/toetra-photo.com\/en\/wp-json\/wp\/v2\/types\/page"}],"author":[{"embeddable":true,"href":"https:\/\/toetra-photo.com\/en\/wp-json\/wp\/v2\/users\/1"}],"replies":[{"embeddable":true,"href":"https:\/\/toetra-photo.com\/en\/wp-json\/wp\/v2\/comments?post=5090"}],"version-history":[{"count":3,"href":"https:\/\/toetra-photo.com\/en\/wp-json\/wp\/v2\/pages\/5090\/revisions"}],"predecessor-version":[{"id":5094,"href":"https:\/\/toetra-photo.com\/en\/wp-json\/wp\/v2\/pages\/5090\/revisions\/5094"}],"wp:attachment":[{"href":"https:\/\/toetra-photo.com\/en\/wp-json\/wp\/v2\/media?parent=5090"}],"curies":[{"name":"wp","href":"https:\/\/api.w.org\/{rel}","templated":true}]}}