{"id":5080,"date":"2023-02-11T23:37:34","date_gmt":"2023-02-11T21:37:34","guid":{"rendered":"https:\/\/toetra-photo.com\/?page_id=5080"},"modified":"2023-02-12T00:44:40","modified_gmt":"2023-02-11T22:44:40","slug":"cgv","status":"publish","type":"page","link":"https:\/\/toetra-photo.com\/en\/cgv\/","title":{"rendered":"CGV"},"content":{"rendered":"<h2>Conditions G\u00e9n\u00e9rales de Vente<\/h2>\n<h3>Article 1 &#8211; Objet du contrat<\/h3>\n<p><strong>\u00a0<\/strong>Les Clients mandate le Photographe pour r\u00e9aliser la couverture photographique de leur mariage<\/p>\n<p>L&rsquo;objet du pr\u00e9sent contrat est d&rsquo;en fixer les modalit\u00e9s.<\/p>\n<h3>Article 2 &#8211; Prix convenu<\/h3>\n<p>Le prix convenu de la prestation<\/p>\n<p>Il comprend les frais de d\u00e9placement, le travail de prise de vue, tel qu&rsquo;indiqu\u00e9 dans l&rsquo;article 11 du pr\u00e9sent contrat, le travail de post-production, les r\u00e9glages de luminosit\u00e9, contraste et colorim\u00e9trie pour toutes les photos, le recadrage de certaines photos, les retouches de peau si le photographe l&rsquo;estime n\u00e9cessaire (l&rsquo;aspect <em>naturel <\/em>sera pr\u00e9serv\u00e9), la mise sur site.<\/p>\n<p>Les clients doivent fournir un repas pour le photographe pour les reportages entrecoup\u00e9s de pauses d\u00e9jeuner et\/ou d\u00eener.<\/p>\n<p>Le Photographe pourra traiter quelques photos du mariage, en plus du traitement habituel, d&rsquo;une fa\u00e7on particuli\u00e8re (noir et blanc, vintage, etc.), dans la limite d&rsquo;environ 5% du nombre total des photos.<\/p>\n<p>Toute modification au pr\u00e9sent contrat entra\u00eenant la modification du prix convenu fera l&rsquo;objet de la r\u00e9daction d&rsquo;un nouveau contrat.<\/p>\n<h3>Article 3 &#8211; Modalit\u00e9 de paiements<\/h3>\n<p>Sauf meilleur accord, le paiement s&rsquo;effectue en 2 ou 3 fois selon l&rsquo;\u00e9ch\u00e9ancier pr\u00e9vu dans l&rsquo;article 11 du pr\u00e9sent contrat.<\/p>\n<p>La totalit\u00e9 de la prestation devra \u00eatre r\u00e9gl\u00e9e en esp\u00e8ce au plus tard le jour du mariage.<\/p>\n<p>Toute commande suppl\u00e9mentaire ne sera r\u00e9alis\u00e9e que si elle est pay\u00e9e d&rsquo;avance.<\/p>\n<h3>Article 4 &#8211; Annulation<\/h3>\n<p>En cas d&rsquo;annulation de la commande par les Clients, les arrhes ne sont pas restitu\u00e9es.<\/p>\n<p>En cas d&rsquo;impossibilit\u00e9 majeure pour le Photographe d&rsquo;assurer lui-m\u00eame la prestation convenue, il en informe les Clients qui auront le choix entre :<\/p>\n<ul>\n<li>un remboursement des arrhes vers\u00e9es<\/li>\n<li>le remplacement par un Photographe partenaire s\u00e9lectionn\u00e9 et recommand\u00e9 par le Photographe, et ce aux m\u00eames conditions financi\u00e8res que celles pr\u00e9vues dans le pr\u00e9sent<\/li>\n<\/ul>\n<h3>Article 5 &#8211; Obligations des Clients<\/h3>\n<p>Les Clients reconnaissent avoir engag\u00e9 le Photographe en grande partie en raison de son style photographique auquel ils adh\u00e8rent : ils lui laisseront toute libert\u00e9 pour r\u00e9aliser le reportage et \u00e9diter les photos selon sa seule inspiration.<\/p>\n<p>Les Clients sont responsables d\u2019obtenir l&rsquo;autorisation de photographier la c\u00e9r\u00e9monie dans les lieux de culte ou tout autre lieu o\u00f9 cela peut s&rsquo;av\u00e9rer n\u00e9cessaire (lieux priv\u00e9s par exemple) : en l&rsquo;absence d&rsquo;autorisation, le Photographe ne pourra \u00eatre tenu responsable de l&rsquo;inex\u00e9cution de sa mission dans ces lieux.<\/p>\n<p>Les Clients s&rsquo;engagent \u00e0 tout mettre en \u0153uvre pour faciliter le travail du Photographe, comme par exemple (liste non limitative) :<\/p>\n<ul>\n<li>lui pr\u00e9senter avant les c\u00e9r\u00e9monies les personnes de la famille proche (parents, grands- parents, fr\u00e8res et s\u0153urs, etc.) et toute autre personne que le Photographe aurait \u00e0 conna\u00eetre pour la bonne ex\u00e9cution de sa prestation<\/li>\n<li>lui expliquer, le cas \u00e9ch\u00e9ant, les situations familiales d\u00e9licates pour lui \u00e9viter de commettre des impairs (un mariage n&rsquo;est pas le moment de raviver des querelles de famille !)<\/li>\n<li>la remise d&rsquo;un \u00ab\u00a0guide de l&rsquo;\u00e9v\u00e9nement\u00a0\u00bb d\u00e9taillant les moments-cl\u00e9s sp\u00e9cifiques \u00e0 ce mariage pour lesquels ils souhaiteraient des photos, comme tout autre \u00e9v\u00e9nement ou chronologie sp\u00e9cifique que le Photographe aurait \u00e0 conna\u00eetre.<\/li>\n<\/ul>\n<p>Dans ce cadre, la coop\u00e9ration d&rsquo;une personne d\u00e9sign\u00e9e par les Clients pour aider le Photographe dans sa mission est souhait\u00e9e.<\/p>\n<ul>\n<li>l&rsquo;organisation des lieux ainsi que la consigne donn\u00e9e \u00e0 la famille et tous les invit\u00e9s de ne pas g\u00eaner le Photographe dans son travail<\/li>\n<li>la constitution d&rsquo;une liste des groupes \u00e0 photographier, avec un coordonnateur affect\u00e9 \u00e0 l&rsquo;organisation de cette prise de vue<\/li>\n<\/ul>\n<p>Sauf \u00e0 la demande du Photographe, aucun invit\u00e9 ne pourra assister \u00e0 la prise de vue des photos de couple.<\/p>\n<p>Il est recommand\u00e9 aux Clients de ranger les photos (tirages, albums ou livres) dans un endroit sec, et non expos\u00e9 \u00e0 la lumi\u00e8re directe du soleil afin de prolonger leurs qualit\u00e9s d&rsquo;origine, et de stocker les fichiers num\u00e9riques fournis sur plusieurs supports afin d&rsquo;\u00e9viter toute perte due \u00e0 un probl\u00e8me informatique.<\/p>\n<h3>Article 6 &#8211; Obligations du Photographe<\/h3>\n<p>Le Photographe s&rsquo;engage :<\/p>\n<ul>\n<li>\u00e0 mettre toute son exp\u00e9rience et sa sensibilit\u00e9 artistique au service du reportage du mariage vis\u00e9 par le pr\u00e9sent<\/li>\n<li>\u00e0 r\u00e9aliser son reportage dans les r\u00e8gles de l&rsquo;art et avec toute la discr\u00e9tion voulue<\/li>\n<li>\u00e0 mettre tous les moyens techniques en \u0153uvre pour mener le reportage \u00e0 bonne fin<\/li>\n<li>\u00e0 photographier tous les \u00e9v\u00e9nements sp\u00e9cifiques \u00e0 ce mariage et toutes les personnes importantes, d\u00e8s lors que ceux-ci lui auront \u00e9t\u00e9 d\u00e9sign\u00e9s.<\/li>\n<li>\u00e0 ne fournir que des supports de qualit\u00e9 professionnelle<\/li>\n<li>\u00e0 couvrir l\u2019\u00e9v\u00e9nement de 10h \u00e0 11h de pr\u00e9sence r\u00e9partie entre 8h \u00e0 Minuit selon le planning des mari\u00e9s<\/li>\n<\/ul>\n<p>Les heures suppl\u00e9mentaires seront factur\u00e9es 100\u20ac\/heure.<\/p>\n<p>En cas de perte, de vol ou de destruction des images prises dans le cadre de ce contrat, le Photographe s&rsquo;engage \u00e0 restituer toutes les sommes per\u00e7ues au titre de sa prestation.<\/p>\n<p>Le Photographe conserve les fichiers au moins 1 an apr\u00e8s la date du mariage.<\/p>\n<h3>Article 7 &#8211; D\u00e9lais<\/h3>\n<p>Les photos sont mises en ligne sur le site du Photographe environ 15 jours apr\u00e8s la date de la derni\u00e8re s\u00e9ance de prise de vue li\u00e9e \u00e0 ce mariage.<\/p>\n<p>Les commandes sont honor\u00e9es dans les d\u00e9lais suivants :<\/p>\n<ul>\n<li>tirages papier : 3 semaines<\/li>\n<li>livres photos, livres-albums : 3 \u00e0 5 semaines<\/li>\n<li>fichiers en t\u00e9l\u00e9chargement : 3 semaines<\/li>\n<\/ul>\n<h3>Article 8 &#8211; Propri\u00e9t\u00e9 intellectuelle et droit d&rsquo;auteur<\/h3>\n<p><em><u>Principes<\/u><\/em><\/p>\n<p>L\u2019auteur d\u2019une \u0153uvre jouit d\u2019un droit de propri\u00e9t\u00e9 exclusif d\u00e8s sa cr\u00e9ation (article L.111-1 et L.123-1 du code de la propri\u00e9t\u00e9 intellectuelle).<\/p>\n<p>Le droit moral permet \u00e0 l\u2019auteur de jouir du droit au respect de son nom, de sa qualit\u00e9 et de son \u0153uvre (article L.121-1). Il s\u2019agit d\u2019un droit illimit\u00e9, inali\u00e9nable et perp\u00e9tuel.<\/p>\n<p>Le droit au respect de l\u2019\u0153uvre prot\u00e8ge l\u2019int\u00e9gralit\u00e9 de l\u2019\u0153uvre qui ne doit \u00eatre ni modifi\u00e9e, ni d\u00e9natur\u00e9e.<\/p>\n<p>Toute reproduction d\u2019image est ill\u00e9gale.<\/p>\n<p>Le droit patrimonial permet \u00e0 l&rsquo;auteur d\u2019obtenir une r\u00e9mun\u00e9ration pour l\u2019exploitation de son \u0153uvre et de d\u00e9cider de quelle fa\u00e7on elle sera exploit\u00e9e.<\/p>\n<p><em><u>Application<\/u><\/em><\/p>\n<p>Les photos sont la propri\u00e9t\u00e9 du Photographe.<\/p>\n<p>Les images fournies aux Clients ne peuvent \u00eatre utilis\u00e9es que dans un cadre familial, \u00e0 titre strictement personnel et priv\u00e9.<\/p>\n<p>Cependant, le Photographe autorise les Clients \u00e0 diffuser ses images sur les r\u00e9seaux sociaux, blog personnel, site ou support d&rsquo;information locale ou g\u00e9n\u00e9rale d\u00e8s lors que les Clients :<\/p>\n<ul>\n<li>autorisent express\u00e9ment le Photographe \u00e0 utiliser ses images pour la promotion de son activit\u00e9<\/li>\n<li>mentionnent le nom du Photographe, sous une forme ou sous une autre (ex. : \u00a9 Toetra Raly John ou \u00ab Photographe : Toetra Raly John \u00bb). Cette mention doit figurer au regard de chaque photo dans des conditions permettant, sans ambigu\u00eft\u00e9 ni confusion, l\u2019identification de l\u2019auteur et de la photographie (pour un ensemble de photos, un \u00ab cr\u00e9dit photo \u00bb peut suffire)<\/li>\n<li>s&rsquo;engagent \u00e0 ne pas modifier les images (couleurs, contrastes, recadrage, ), pour quelque raison que ce soit<\/li>\n<\/ul>\n<p>Si les clients souhaitent d\u00e9passer ces cadres ils devront adresser une demande en ce sens au Photographe en \u00e9tant tr\u00e8s pr\u00e9cis sur les conditions de cette utilisation (\u00e9tendue de leur exploitation, destination par exemple, supports, dur\u00e9e, etc.).<\/p>\n<p>Il pourra \u00eatre demand\u00e9 une compensation financi\u00e8re en rapport avec l\u2019usage des images sur lesquelles portent cette demande.<\/p>\n<p>Les clients s\u2019engagent \u00e0 respecter scrupuleusement l\u2019utilisation d\u00e9clar\u00e9e. Toute autre utilisation, r\u00e9utilisation, extension d\u2019utilisation devra faire l\u2019objet, pour \u00eatre licite, d\u2019une nouvelle demande d\u2019autorisation pr\u00e9alable et du paiement de nouveaux droits.<\/p>\n<h3>Article 9 &#8211; Droit des personnes repr\u00e9sent\u00e9es (droit \u00e0 l\u2019image)<\/h3>\n<p>Dans l\u2019attente d\u2019une autorisation plus formelle, les Clients sont inform\u00e9s que le Photographe pourra utiliser certaines photos prises lors de leur mariage.<\/p>\n<p>Cette diffusion r\u00e9pond \u00e0 un certain nombre de crit\u00e8res tr\u00e8s stricts que le photographe s\u2019engage \u00e0 respecter :<\/p>\n<ul>\n<li>Elle ne concerne que la seule promotion de l\u2019activit\u00e9 du photographe : il s\u2019agit de ne montrer que des photos mettant en valeur son travail et lui permettant de promouvoir et d\u00e9velopper son activit\u00e9<\/li>\n<li>Elle ne concerne que des supports d\u2019une dur\u00e9e de vie limit\u00e9e (galeries de sites internet, pages professionnelles des r\u00e9seaux sociaux, expositions, flyers, )<\/li>\n<li>Dans le respect des textes, aucune photo susceptible de porter atteinte \u00e0 la r\u00e9putation des personnes repr\u00e9sent\u00e9es, ou risquant de leur nuire d\u2019une fa\u00e7on quelconque, ne sera diffus\u00e9e.<\/li>\n<\/ul>\n<p>Pour toute autre utilisation, le Photographe devra obtenir un accord \u00e9crit des Clients.<\/p>\n<h3>Articles 10 &#8211; Clauses particuli\u00e8res<\/h3>\n<p>Avant de signer le pr\u00e9sent contrat, les Clients doivent valider les propositions suivantes :<\/p>\n<p>Nous avons lu et compris les conditions g\u00e9n\u00e9rales de vente que nous acceptons.<\/p>\n<p>Nous autorisons le Photographe \u00e0 utiliser les photos sur tout support qu\u2019il jugera utile pour la promotion de son activit\u00e9 (excluant toute utilisation commerciale) et dans le respect de l&rsquo;article 10 du pr\u00e9sent contrat<\/p>\n<p>Un droit de confidentialit\u00e9 d&rsquo;un montant de 200\u20ac s&rsquo;applique si les mari\u00e9s souhaitent suspendre cette autorisation.<\/p>","protected":false},"excerpt":{"rendered":"<p>Conditions G\u00e9n\u00e9rales de Vente Article 1 &#8211; Objet du contrat \u00a0Les Clients mandate le Photographe pour r\u00e9aliser la couverture photographique de leur mariage L&rsquo;objet du pr\u00e9sent contrat est d&rsquo;en fixer les modalit\u00e9s. Article 2 &#8211; Prix convenu Le prix convenu de la prestation Il comprend les frais de d\u00e9placement, le travail de prise de vue, tel qu&rsquo;indiqu\u00e9 dans l&rsquo;article 11 du pr\u00e9sent contrat, le travail de post-production, les r\u00e9glages de luminosit\u00e9, contraste et colorim\u00e9trie pour toutes les photos, le recadrage [&hellip;]<\/p>","protected":false},"author":1,"featured_media":0,"parent":0,"menu_order":0,"comment_status":"closed","ping_status":"closed","template":"","meta":{"footnotes":""},"class_list":["post-5080","page","type-page","status-publish","hentry"],"yoast_head":"<!-- This site is optimized with the Yoast SEO plugin v26.8 - https:\/\/yoast.com\/product\/yoast-seo-wordpress\/ -->\n<title>CGV | Photographe de mariage et de famille<\/title>\n<meta name=\"description\" content=\"Photographe de mariage et de famille |\" \/>\n<meta name=\"robots\" content=\"index, follow, max-snippet:-1, max-image-preview:large, max-video-preview:-1\" \/>\n<link rel=\"canonical\" href=\"https:\/\/toetra-photo.com\/en\/cgv\/\" \/>\n<meta property=\"og:locale\" content=\"en_US\" \/>\n<meta property=\"og:type\" content=\"article\" \/>\n<meta property=\"og:title\" content=\"CGV | Photographe de mariage et de famille\" \/>\n<meta property=\"og:description\" content=\"Photographe de mariage et de famille |\" \/>\n<meta property=\"og:url\" content=\"https:\/\/toetra-photo.com\/en\/cgv\/\" \/>\n<meta property=\"og:site_name\" content=\"Photographe de mariage et de famille\" \/>\n<meta property=\"article:publisher\" content=\"https:\/\/www.facebook.com\/ToetraPhoto\" \/>\n<meta property=\"article:modified_time\" content=\"2023-02-11T22:44:40+00:00\" \/>\n<meta property=\"og:image\" content=\"https:\/\/toetra-photo.com\/wp-content\/uploads\/2020\/10\/TRJ_2016-1.jpg\" \/>\n\t<meta property=\"og:image:width\" content=\"1920\" \/>\n\t<meta property=\"og:image:height\" content=\"1280\" \/>\n\t<meta property=\"og:image:type\" content=\"image\/jpeg\" \/>\n<meta name=\"twitter:card\" content=\"summary_large_image\" \/>\n<meta name=\"twitter:label1\" content=\"Est. reading time\" \/>\n\t<meta name=\"twitter:data1\" content=\"8 minutes\" \/>\n<script type=\"application\/ld+json\" class=\"yoast-schema-graph\">{\"@context\":\"https:\/\/schema.org\",\"@graph\":[{\"@type\":\"Article\",\"@id\":\"https:\/\/toetra-photo.com\/cgv\/#article\",\"isPartOf\":{\"@id\":\"https:\/\/toetra-photo.com\/cgv\/\"},\"author\":{\"name\":\"toetrafi@gmail.com\",\"@id\":\"https:\/\/toetra-photo.com\/#\/schema\/person\/8ba2914e31cec244905f12e9c1fe3e3f\"},\"headline\":\"CGV\",\"datePublished\":\"2023-02-11T21:37:34+00:00\",\"dateModified\":\"2023-02-11T22:44:40+00:00\",\"mainEntityOfPage\":{\"@id\":\"https:\/\/toetra-photo.com\/cgv\/\"},\"wordCount\":1585,\"publisher\":{\"@id\":\"https:\/\/toetra-photo.com\/#\/schema\/person\/8ba2914e31cec244905f12e9c1fe3e3f\"},\"inLanguage\":\"en-US\"},{\"@type\":\"WebPage\",\"@id\":\"https:\/\/toetra-photo.com\/cgv\/\",\"url\":\"https:\/\/toetra-photo.com\/cgv\/\",\"name\":\"CGV | Photographe de mariage et de famille\",\"isPartOf\":{\"@id\":\"https:\/\/toetra-photo.com\/#website\"},\"datePublished\":\"2023-02-11T21:37:34+00:00\",\"dateModified\":\"2023-02-11T22:44:40+00:00\",\"description\":\"Photographe de mariage et de famille |\",\"breadcrumb\":{\"@id\":\"https:\/\/toetra-photo.com\/cgv\/#breadcrumb\"},\"inLanguage\":\"en-US\",\"potentialAction\":[{\"@type\":\"ReadAction\",\"target\":[\"https:\/\/toetra-photo.com\/cgv\/\"]}]},{\"@type\":\"BreadcrumbList\",\"@id\":\"https:\/\/toetra-photo.com\/cgv\/#breadcrumb\",\"itemListElement\":[{\"@type\":\"ListItem\",\"position\":1,\"name\":\"Accueil\",\"item\":\"https:\/\/toetra-photo.com\/\"},{\"@type\":\"ListItem\",\"position\":2,\"name\":\"CGV\"}]},{\"@type\":\"WebSite\",\"@id\":\"https:\/\/toetra-photo.com\/#website\",\"url\":\"https:\/\/toetra-photo.com\/\",\"name\":\"Photographe Draguignan Var 83\",\"description\":\"Je vous cr\u00e9e des souvenirs authentiques et intemporels. Contactez-moi pour des prestations personnalis\u00e9es\",\"publisher\":{\"@id\":\"https:\/\/toetra-photo.com\/#\/schema\/person\/8ba2914e31cec244905f12e9c1fe3e3f\"},\"alternateName\":\"Photographe de mariage\",\"potentialAction\":[{\"@type\":\"SearchAction\",\"target\":{\"@type\":\"EntryPoint\",\"urlTemplate\":\"https:\/\/toetra-photo.com\/?s={search_term_string}\"},\"query-input\":{\"@type\":\"PropertyValueSpecification\",\"valueRequired\":true,\"valueName\":\"search_term_string\"}}],\"inLanguage\":\"en-US\"},{\"@type\":[\"Person\",\"Organization\"],\"@id\":\"https:\/\/toetra-photo.com\/#\/schema\/person\/8ba2914e31cec244905f12e9c1fe3e3f\",\"name\":\"toetrafi@gmail.com\",\"image\":{\"@type\":\"ImageObject\",\"inLanguage\":\"en-US\",\"@id\":\"https:\/\/toetra-photo.com\/#\/schema\/person\/image\/\",\"url\":\"https:\/\/toetra-photo.com\/wp-content\/uploads\/2023\/01\/Logo-Toetra-Raly-John-noir.png\",\"contentUrl\":\"https:\/\/toetra-photo.com\/wp-content\/uploads\/2023\/01\/Logo-Toetra-Raly-John-noir.png\",\"width\":475,\"height\":136,\"caption\":\"toetrafi@gmail.com\"},\"logo\":{\"@id\":\"https:\/\/toetra-photo.com\/#\/schema\/person\/image\/\"},\"sameAs\":[\"https:\/\/toetra-photo.com\",\"https:\/\/www.facebook.com\/ToetraPhoto\",\"https:\/\/www.instagram.com\/toetra_raly_john\"]}]}<\/script>\n<!-- \/ Yoast SEO plugin. -->","yoast_head_json":{"title":"CGV | Photographe de mariage et de famille","description":"Photographe de mariage et de famille |","robots":{"index":"index","follow":"follow","max-snippet":"max-snippet:-1","max-image-preview":"max-image-preview:large","max-video-preview":"max-video-preview:-1"},"canonical":"https:\/\/toetra-photo.com\/en\/cgv\/","og_locale":"en_US","og_type":"article","og_title":"CGV | Photographe de mariage et de famille","og_description":"Photographe de mariage et de famille |","og_url":"https:\/\/toetra-photo.com\/en\/cgv\/","og_site_name":"Photographe de mariage et de famille","article_publisher":"https:\/\/www.facebook.com\/ToetraPhoto","article_modified_time":"2023-02-11T22:44:40+00:00","og_image":[{"width":1920,"height":1280,"url":"https:\/\/toetra-photo.com\/wp-content\/uploads\/2020\/10\/TRJ_2016-1.jpg","type":"image\/jpeg"}],"twitter_card":"summary_large_image","twitter_misc":{"Est. reading time":"8 minutes"},"schema":{"@context":"https:\/\/schema.org","@graph":[{"@type":"Article","@id":"https:\/\/toetra-photo.com\/cgv\/#article","isPartOf":{"@id":"https:\/\/toetra-photo.com\/cgv\/"},"author":{"name":"toetrafi@gmail.com","@id":"https:\/\/toetra-photo.com\/#\/schema\/person\/8ba2914e31cec244905f12e9c1fe3e3f"},"headline":"CGV","datePublished":"2023-02-11T21:37:34+00:00","dateModified":"2023-02-11T22:44:40+00:00","mainEntityOfPage":{"@id":"https:\/\/toetra-photo.com\/cgv\/"},"wordCount":1585,"publisher":{"@id":"https:\/\/toetra-photo.com\/#\/schema\/person\/8ba2914e31cec244905f12e9c1fe3e3f"},"inLanguage":"en-US"},{"@type":"WebPage","@id":"https:\/\/toetra-photo.com\/cgv\/","url":"https:\/\/toetra-photo.com\/cgv\/","name":"CGV | Photographe de mariage et de famille","isPartOf":{"@id":"https:\/\/toetra-photo.com\/#website"},"datePublished":"2023-02-11T21:37:34+00:00","dateModified":"2023-02-11T22:44:40+00:00","description":"Photographe de mariage et de famille |","breadcrumb":{"@id":"https:\/\/toetra-photo.com\/cgv\/#breadcrumb"},"inLanguage":"en-US","potentialAction":[{"@type":"ReadAction","target":["https:\/\/toetra-photo.com\/cgv\/"]}]},{"@type":"BreadcrumbList","@id":"https:\/\/toetra-photo.com\/cgv\/#breadcrumb","itemListElement":[{"@type":"ListItem","position":1,"name":"Accueil","item":"https:\/\/toetra-photo.com\/"},{"@type":"ListItem","position":2,"name":"CGV"}]},{"@type":"WebSite","@id":"https:\/\/toetra-photo.com\/#website","url":"https:\/\/toetra-photo.com\/","name":"Photographe Draguignan Var 83","description":"Je vous cr\u00e9e des souvenirs authentiques et intemporels. Contactez-moi pour des prestations personnalis\u00e9es","publisher":{"@id":"https:\/\/toetra-photo.com\/#\/schema\/person\/8ba2914e31cec244905f12e9c1fe3e3f"},"alternateName":"Photographe de mariage","potentialAction":[{"@type":"SearchAction","target":{"@type":"EntryPoint","urlTemplate":"https:\/\/toetra-photo.com\/?s={search_term_string}"},"query-input":{"@type":"PropertyValueSpecification","valueRequired":true,"valueName":"search_term_string"}}],"inLanguage":"en-US"},{"@type":["Person","Organization"],"@id":"https:\/\/toetra-photo.com\/#\/schema\/person\/8ba2914e31cec244905f12e9c1fe3e3f","name":"toetrafi@gmail.com","image":{"@type":"ImageObject","inLanguage":"en-US","@id":"https:\/\/toetra-photo.com\/#\/schema\/person\/image\/","url":"https:\/\/toetra-photo.com\/wp-content\/uploads\/2023\/01\/Logo-Toetra-Raly-John-noir.png","contentUrl":"https:\/\/toetra-photo.com\/wp-content\/uploads\/2023\/01\/Logo-Toetra-Raly-John-noir.png","width":475,"height":136,"caption":"toetrafi@gmail.com"},"logo":{"@id":"https:\/\/toetra-photo.com\/#\/schema\/person\/image\/"},"sameAs":["https:\/\/toetra-photo.com","https:\/\/www.facebook.com\/ToetraPhoto","https:\/\/www.instagram.com\/toetra_raly_john"]}]}},"_links":{"self":[{"href":"https:\/\/toetra-photo.com\/en\/wp-json\/wp\/v2\/pages\/5080","targetHints":{"allow":["GET"]}}],"collection":[{"href":"https:\/\/toetra-photo.com\/en\/wp-json\/wp\/v2\/pages"}],"about":[{"href":"https:\/\/toetra-photo.com\/en\/wp-json\/wp\/v2\/types\/page"}],"author":[{"embeddable":true,"href":"https:\/\/toetra-photo.com\/en\/wp-json\/wp\/v2\/users\/1"}],"replies":[{"embeddable":true,"href":"https:\/\/toetra-photo.com\/en\/wp-json\/wp\/v2\/comments?post=5080"}],"version-history":[{"count":4,"href":"https:\/\/toetra-photo.com\/en\/wp-json\/wp\/v2\/pages\/5080\/revisions"}],"predecessor-version":[{"id":5096,"href":"https:\/\/toetra-photo.com\/en\/wp-json\/wp\/v2\/pages\/5080\/revisions\/5096"}],"wp:attachment":[{"href":"https:\/\/toetra-photo.com\/en\/wp-json\/wp\/v2\/media?parent=5080"}],"curies":[{"name":"wp","href":"https:\/\/api.w.org\/{rel}","templated":true}]}}