{"id":2,"date":"2020-08-18T18:19:41","date_gmt":"2020-08-18T18:19:41","guid":{"rendered":"https:\/\/toetra-photo.com\/?page_id=2"},"modified":"2023-11-02T21:25:48","modified_gmt":"2023-11-02T19:25:48","slug":"livrables","status":"publish","type":"page","link":"https:\/\/toetra-photo.com\/en\/livrables\/","title":{"rendered":"Livrables"},"content":{"rendered":"<div class=\"pricing-table pricing-table-service clearfix\"><div style=\"background-color:;\" class=\"pricing-column-target none column1 pricing_highlight\"><div class=\"pricing-column-type-1 pricing-column\"><ul><li class=\"pricing-title\"><h2>Standard<\/h2><\/li><li class=\"pricing-section\"><div class=\"pricing-wrap\"><div class=\"pricing-cell\"><span class=\"pricing-currency\">$<\/span>29<span class=\"pricing-suffix\">99<\/span><\/div><div class=\"pricing-duration\">monthly<\/div><\/div><\/li> <li class=\"pricing-service\"><p> Content <\/p>\n<\/li> <li class=\"pricing-footer\"><div class=\"button-shortcode button-shortcode-69f5d9ee22d5b\"><a href=\"http:\/\/Button%20link\" ><div  class=\"mtheme-button\">Button Text<\/div><\/a><\/div><\/li><\/ul><\/div><\/div><\/div>\n<div class=\"button-shortcode button-shortcode-69f5d9ee22d91\" style=\"text-align:center;\"><a href=\"https:\/\/toetra-photo.com\/en\/contactez-moi\/\" _self><div style=\"border-color: #be1e2d; color: #be1e2d;\" data-backgroundafter=\"#be1e2d\" data-buttonid=\"69f5d9ee22d91\"  class=\"mtheme-button button-has-a-color\"><span class=\"button-icon\"><i class=\"fa fa-calendar\"><\/i><\/span>CONTACT US<\/div><\/a><\/div>\n<div class=\"thumbnails-shortcode gridblock-columns-wrap grid-style-classic-wrap clearfix\"><div class=\"thumbnails-grid-container grid-style-classic thumbnail-gutter-{{gutter}} no-title-no-desc gridblock-two  has-effect-zoom\"  data-columns=\"2\"><div class=\"gridblock-element  animation-standby-portfolio animated thumbnailFadeInUpSlow isotope-displayed gridblock-thumbnail-id-76 gridblock-col-1\"><div class=\"gridblock-ajax gridblock-grid-element gridblock-element-inner\" data-rel=\"2\"><div class=\"gridblock-background-hover\"><a data-exthumbimage=\"https:\/\/toetra-photo.com\/wp-content\/uploads\/2020\/08\/Capture-decran-2020-08-19-a-00.13.19-160x160.png\" class=\"lightbox-active lightbox-image gridblock-sole-link\" data-sub-html=\"&lt;div class=&quot;lightbox-text-wrap &quot;&gt;&lt;h4 class=&quot;lightbox-text&quot;&gt;Livre Photo Professionnel A3&lt;\/h4&gt;&lt;\/div&gt;\" href=\"https:\/\/toetra-photo.com\/wp-content\/uploads\/2020\/08\/Capture-decran-2020-08-19-a-00.13.19.png\" data-src=\"https:\/\/toetra-photo.com\/wp-content\/uploads\/2020\/08\/Capture-decran-2020-08-19-a-00.13.19.png\"><div class=\"gridblock-links-wrap\"><span class=\"column-gridblock-icon\"><span class=\"hover-icon-effect\"><i class=\"ion-ios-search\"><\/i><\/span><\/span><\/div><\/a><\/div><img decoding=\"async\" class=\"preload-image displayed-image\" src=\"https:\/\/toetra-photo.com\/wp-content\/uploads\/2020\/08\/Capture-decran-2020-08-19-a-00.13.19-746x548.png\" alt=\"Livre Photo Professionnel A3\"><\/div><\/div><div class=\"gridblock-element  animation-standby-portfolio animated thumbnailFadeInUpSlow isotope-displayed gridblock-thumbnail-id-77 gridblock-col-2\"><div class=\"gridblock-ajax gridblock-grid-element gridblock-element-inner\" data-rel=\"2\"><div class=\"gridblock-background-hover\"><a data-exthumbimage=\"https:\/\/toetra-photo.com\/wp-content\/uploads\/2020\/08\/Capture-decran-2020-08-19-a-00.13.33-160x160.png\" class=\"lightbox-active lightbox-image gridblock-sole-link\" data-sub-html=\"&lt;div class=&quot;lightbox-text-wrap &quot;&gt;&lt;h4 class=&quot;lightbox-text&quot;&gt;Livre Photo Professionnel A4&lt;\/h4&gt;&lt;\/div&gt;\" href=\"https:\/\/toetra-photo.com\/wp-content\/uploads\/2020\/08\/Capture-decran-2020-08-19-a-00.13.33.png\" data-src=\"https:\/\/toetra-photo.com\/wp-content\/uploads\/2020\/08\/Capture-decran-2020-08-19-a-00.13.33.png\"><div class=\"gridblock-links-wrap\"><span class=\"column-gridblock-icon\"><span class=\"hover-icon-effect\"><i class=\"ion-ios-search\"><\/i><\/span><\/span><\/div><\/a><\/div><img decoding=\"async\" class=\"preload-image displayed-image\" src=\"https:\/\/toetra-photo.com\/wp-content\/uploads\/2020\/08\/Capture-decran-2020-08-19-a-00.13.33-746x548.png\" alt=\"Livre Photo Professionnel A4\"><\/div><\/div><div class=\"gridblock-element  animation-standby-portfolio animated thumbnailFadeInUpSlow isotope-displayed gridblock-thumbnail-id-74 gridblock-col-1\"><div class=\"gridblock-ajax gridblock-grid-element gridblock-element-inner\" data-rel=\"2\"><div class=\"gridblock-background-hover\"><a data-exthumbimage=\"https:\/\/toetra-photo.com\/wp-content\/uploads\/2020\/08\/Capture-decran-2020-08-19-a-00.07.43-160x160.png\" class=\"lightbox-active lightbox-image gridblock-sole-link\" data-sub-html=\"&lt;div class=&quot;lightbox-text-wrap &quot;&gt;&lt;h4 class=&quot;lightbox-text&quot;&gt;Livre Photo A3&lt;\/h4&gt;&lt;\/div&gt;\" href=\"https:\/\/toetra-photo.com\/wp-content\/uploads\/2020\/08\/Capture-decran-2020-08-19-a-00.07.43.png\" data-src=\"https:\/\/toetra-photo.com\/wp-content\/uploads\/2020\/08\/Capture-decran-2020-08-19-a-00.07.43.png\"><div class=\"gridblock-links-wrap\"><span class=\"column-gridblock-icon\"><span class=\"hover-icon-effect\"><i class=\"ion-ios-search\"><\/i><\/span><\/span><\/div><\/a><\/div><img decoding=\"async\" class=\"preload-image displayed-image\" src=\"https:\/\/toetra-photo.com\/wp-content\/uploads\/2020\/08\/Capture-decran-2020-08-19-a-00.07.43-746x548.png\" alt=\"Livre Photo A3\"><\/div><\/div><div class=\"gridblock-element  animation-standby-portfolio animated thumbnailFadeInUpSlow isotope-displayed gridblock-thumbnail-id-65 gridblock-col-2\"><div class=\"gridblock-ajax gridblock-grid-element gridblock-element-inner\" data-rel=\"2\"><div class=\"gridblock-background-hover\"><a data-exthumbimage=\"https:\/\/toetra-photo.com\/wp-content\/uploads\/2020\/08\/Capture-decran-2019-12-28-a-19.54.08-160x160.png\" class=\"lightbox-active lightbox-image gridblock-sole-link\" data-sub-html=\"&lt;div class=&quot;lightbox-text-wrap &quot;&gt;&lt;h4 class=&quot;lightbox-text&quot;&gt;Livre Photo A4&lt;\/h4&gt;&lt;\/div&gt;\" href=\"https:\/\/toetra-photo.com\/wp-content\/uploads\/2020\/08\/Capture-decran-2019-12-28-a-19.54.08.png\" data-src=\"https:\/\/toetra-photo.com\/wp-content\/uploads\/2020\/08\/Capture-decran-2019-12-28-a-19.54.08.png\"><div class=\"gridblock-links-wrap\"><span class=\"column-gridblock-icon\"><span class=\"hover-icon-effect\"><i class=\"ion-ios-search\"><\/i><\/span><\/span><\/div><\/a><\/div><img decoding=\"async\" class=\"preload-image displayed-image\" src=\"https:\/\/toetra-photo.com\/wp-content\/uploads\/2020\/08\/Capture-decran-2019-12-28-a-19.54.08-746x548.png\" alt=\"Livre Photo A4\"><\/div><\/div><\/div><\/div>\n<div class=\"animation-standby animated fadeInUp\">\n<p><p><strong><span class=\"livrables\">LIVRES PHOTOS<\/span><\/strong><\/p>\n<p class=\"translation-block\"><span class=\"livrables-2\">Create a <strong>large format photo album<\/strong> for the most beautiful events in your life and those of your loved ones or for your most extraordinary journeys. Was your wedding magnificent? Make it unforgettable with <strong>a wedding album<\/strong>that will tell the story of the most beautiful day of your life and allow you to relive every moment<\/span>.<\/p>\n<p><strong>Formats:<\/strong><\/p>\n<p><strong>A4<\/strong> ou <strong>A3<\/strong> (en portrait ou en paysage) ou <strong>Carr\u00e9<\/strong> (30&#215;30 ou 40&#215;40)<\/p>\n<p class=\"translation-block\"><strong>Classic Photo Book<\/strong> or <strong>Professional Photo Book<\/strong><\/p>\n<\/p>\n<\/div>\n<div class=\"thumbnails-shortcode gridblock-columns-wrap grid-style-classic-wrap clearfix\"><div class=\"thumbnails-grid-container grid-style-classic thumbnail-gutter-{{gutter}} no-title-no-desc gridblock-two  has-effect-zoom\"  data-columns=\"2\"><div class=\"gridblock-element  animation-standby-portfolio animated thumbnailFadeInUpSlow isotope-displayed gridblock-thumbnail-id-72 gridblock-col-1\"><div class=\"gridblock-ajax gridblock-grid-element gridblock-element-inner\" data-rel=\"2\"><div class=\"gridblock-background-hover\"><a data-exthumbimage=\"https:\/\/toetra-photo.com\/wp-content\/uploads\/2020\/08\/Capture-decran-2020-08-18-a-23.53.36-160x160.png\" class=\"lightbox-active lightbox-image gridblock-sole-link\" data-sub-html=\"&lt;div class=&quot;lightbox-text-wrap &quot;&gt;&lt;h4 class=&quot;lightbox-text&quot;&gt;Tirages Photo&lt;\/h4&gt;&lt;\/div&gt;\" href=\"https:\/\/toetra-photo.com\/wp-content\/uploads\/2020\/08\/Capture-decran-2020-08-18-a-23.53.36.png\" data-src=\"https:\/\/toetra-photo.com\/wp-content\/uploads\/2020\/08\/Capture-decran-2020-08-18-a-23.53.36.png\"><div class=\"gridblock-links-wrap\"><span class=\"column-gridblock-icon\"><span class=\"hover-icon-effect\"><i class=\"ion-ios-search\"><\/i><\/span><\/span><\/div><\/a><\/div><img decoding=\"async\" class=\"preload-image displayed-image\" src=\"https:\/\/toetra-photo.com\/wp-content\/uploads\/2020\/08\/Capture-decran-2020-08-18-a-23.53.36-746x548.png\" alt=\"Tirage photo\"><\/div><\/div><div class=\"gridblock-element  animation-standby-portfolio animated thumbnailFadeInUpSlow isotope-displayed gridblock-thumbnail-id-73 gridblock-col-2\"><div class=\"gridblock-ajax gridblock-grid-element gridblock-element-inner\" data-rel=\"2\"><div class=\"gridblock-background-hover\"><a data-exthumbimage=\"https:\/\/toetra-photo.com\/wp-content\/uploads\/2020\/08\/Capture-decran-2020-08-18-a-23.53.55-160x160.png\" class=\"lightbox-active lightbox-image gridblock-sole-link\" data-sub-html=\"&lt;div class=&quot;lightbox-text-wrap &quot;&gt;&lt;h4 class=&quot;lightbox-text&quot;&gt;Tirages Photo&lt;\/h4&gt;&lt;\/div&gt;\" href=\"https:\/\/toetra-photo.com\/wp-content\/uploads\/2020\/08\/Capture-decran-2020-08-18-a-23.53.55.png\" data-src=\"https:\/\/toetra-photo.com\/wp-content\/uploads\/2020\/08\/Capture-decran-2020-08-18-a-23.53.55.png\"><div class=\"gridblock-links-wrap\"><span class=\"column-gridblock-icon\"><span class=\"hover-icon-effect\"><i class=\"ion-ios-search\"><\/i><\/span><\/span><\/div><\/a><\/div><img decoding=\"async\" class=\"preload-image displayed-image\" src=\"https:\/\/toetra-photo.com\/wp-content\/uploads\/2020\/08\/Capture-decran-2020-08-18-a-23.53.55-746x548.png\" alt=\"Tirage photo\"><\/div><\/div><\/div><\/div>\n<div class=\"animation-standby animated fadeInUp\">\n<p><p><strong><span class=\"livrables\">TIRAGES PHOTO<\/span><\/strong><\/p>\n<p>Tirages photo sur diff\u00e9rentes formats:<\/p>\n<ul>\n<li>10 x 15<\/li>\n<li>13 x 18<\/li>\n<li>15 x 21<\/li>\n<li>\u00a020 x 30<\/li>\n<\/ul>\n<\/div>\n<div class=\"thumbnails-shortcode gridblock-columns-wrap grid-style-classic-wrap clearfix\"><div class=\"thumbnails-grid-container grid-style-classic thumbnail-gutter-{{gutter}} no-title-no-desc gridblock-two  has-effect-zoom\"  data-columns=\"2\"><div class=\"gridblock-element  animation-standby-portfolio animated thumbnailFadeInUpSlow isotope-displayed gridblock-thumbnail-id-71 gridblock-col-1\"><div class=\"gridblock-ajax gridblock-grid-element gridblock-element-inner\" data-rel=\"2\"><div class=\"gridblock-background-hover\"><a data-exthumbimage=\"https:\/\/toetra-photo.com\/wp-content\/uploads\/2020\/08\/Capture-decran-2020-08-18-a-23.44.53-160x160.png\" class=\"lightbox-active lightbox-image gridblock-sole-link\" data-sub-html=\"&lt;div class=&quot;lightbox-text-wrap &quot;&gt;&lt;h4 class=&quot;lightbox-text&quot;&gt;Tableau PVC&lt;\/h4&gt;&lt;\/div&gt;\" href=\"https:\/\/toetra-photo.com\/wp-content\/uploads\/2020\/08\/Capture-decran-2020-08-18-a-23.44.53.png\" data-src=\"https:\/\/toetra-photo.com\/wp-content\/uploads\/2020\/08\/Capture-decran-2020-08-18-a-23.44.53.png\"><div class=\"gridblock-links-wrap\"><span class=\"column-gridblock-icon\"><span class=\"hover-icon-effect\"><i class=\"ion-ios-search\"><\/i><\/span><\/span><\/div><\/a><\/div><img decoding=\"async\" class=\"preload-image displayed-image\" src=\"https:\/\/toetra-photo.com\/wp-content\/uploads\/2020\/08\/Capture-decran-2020-08-18-a-23.44.53-746x548.png\" alt=\"Tableau mural en PVC\"><\/div><\/div><div class=\"gridblock-element  animation-standby-portfolio animated thumbnailFadeInUpSlow isotope-displayed gridblock-thumbnail-id-70 gridblock-col-2\"><div class=\"gridblock-ajax gridblock-grid-element gridblock-element-inner\" data-rel=\"2\"><div class=\"gridblock-background-hover\"><a data-exthumbimage=\"https:\/\/toetra-photo.com\/wp-content\/uploads\/2020\/08\/Capture-decran-2020-08-18-a-23.44.11-160x160.png\" class=\"lightbox-active lightbox-image gridblock-sole-link\" data-sub-html=\"&lt;div class=&quot;lightbox-text-wrap &quot;&gt;&lt;h4 class=&quot;lightbox-text&quot;&gt;Tableaux Photo Acrylique&lt;\/h4&gt;&lt;\/div&gt;\" href=\"https:\/\/toetra-photo.com\/wp-content\/uploads\/2020\/08\/Capture-decran-2020-08-18-a-23.44.11.png\" data-src=\"https:\/\/toetra-photo.com\/wp-content\/uploads\/2020\/08\/Capture-decran-2020-08-18-a-23.44.11.png\"><div class=\"gridblock-links-wrap\"><span class=\"column-gridblock-icon\"><span class=\"hover-icon-effect\"><i class=\"ion-ios-search\"><\/i><\/span><\/span><\/div><\/a><\/div><img decoding=\"async\" class=\"preload-image displayed-image\" src=\"https:\/\/toetra-photo.com\/wp-content\/uploads\/2020\/08\/Capture-decran-2020-08-18-a-23.44.11-746x548.png\" alt=\"Tableau photo mural en acrylique\"><\/div><\/div><div class=\"gridblock-element  animation-standby-portfolio animated thumbnailFadeInUpSlow isotope-displayed gridblock-thumbnail-id-7046 gridblock-col-1\"><div class=\"gridblock-ajax gridblock-grid-element gridblock-element-inner\" data-rel=\"2\"><div class=\"gridblock-background-hover\"><a data-exthumbimage=\"https:\/\/toetra-photo.com\/wp-content\/uploads\/2023\/11\/Capture-decran-2023-11-02-a-20.14.56-160x160.png\" class=\"lightbox-active lightbox-image gridblock-sole-link\" data-sub-html=\"&lt;div class=&quot;lightbox-text-wrap &quot;&gt;&lt;h4 class=&quot;lightbox-text&quot;&gt;Tableau photo alu&lt;\/h4&gt;&lt;\/div&gt;\" href=\"https:\/\/toetra-photo.com\/wp-content\/uploads\/2023\/11\/Capture-decran-2023-11-02-a-20.14.56.png\" data-src=\"https:\/\/toetra-photo.com\/wp-content\/uploads\/2023\/11\/Capture-decran-2023-11-02-a-20.14.56.png\"><div class=\"gridblock-links-wrap\"><span class=\"column-gridblock-icon\"><span class=\"hover-icon-effect\"><i class=\"ion-ios-search\"><\/i><\/span><\/span><\/div><\/a><\/div><img decoding=\"async\" class=\"preload-image displayed-image\" src=\"https:\/\/toetra-photo.com\/wp-content\/uploads\/2023\/11\/Capture-decran-2023-11-02-a-20.14.56-746x548.png\" alt=\"Tableau photo mural en alu\"><\/div><\/div><div class=\"gridblock-element  animation-standby-portfolio animated thumbnailFadeInUpSlow isotope-displayed gridblock-thumbnail-id-7047 gridblock-col-2\"><div class=\"gridblock-ajax gridblock-grid-element gridblock-element-inner\" data-rel=\"2\"><div class=\"gridblock-background-hover\"><a data-exthumbimage=\"https:\/\/toetra-photo.com\/wp-content\/uploads\/2023\/11\/Capture-decran-2023-11-02-a-20.15.45-160x160.png\" class=\"lightbox-active lightbox-image gridblock-sole-link\" data-sub-html=\"&lt;div class=&quot;lightbox-text-wrap &quot;&gt;&lt;h4 class=&quot;lightbox-text&quot;&gt;Tableau photo mural en PVC&lt;\/h4&gt;&lt;\/div&gt;\" href=\"https:\/\/toetra-photo.com\/wp-content\/uploads\/2023\/11\/Capture-decran-2023-11-02-a-20.15.45.png\" data-src=\"https:\/\/toetra-photo.com\/wp-content\/uploads\/2023\/11\/Capture-decran-2023-11-02-a-20.15.45.png\"><div class=\"gridblock-links-wrap\"><span class=\"column-gridblock-icon\"><span class=\"hover-icon-effect\"><i class=\"ion-ios-search\"><\/i><\/span><\/span><\/div><\/a><\/div><img decoding=\"async\" class=\"preload-image displayed-image\" src=\"https:\/\/toetra-photo.com\/wp-content\/uploads\/2023\/11\/Capture-decran-2023-11-02-a-20.15.45-746x548.png\" alt=\"Tableau photo mural en PVC\"><\/div><\/div><\/div><\/div>\n<div class=\"animation-standby animated fadeInUp\">\n<p><p><strong><span class=\"livrables\">TABLEAUX PHOTO<\/span><\/strong><\/p>\n<p>Your photo printed directly on :<\/p>\n<ul>\n<li>PVC<\/li>\n<li>Verre Acrylique<\/li>\n<li>Alu<\/li>\n<\/ul>\n<\/div>\n<div class=\"button-shortcode button-shortcode-69f5d9ee25518\" style=\"text-align:center;\"><a href=\"https:\/\/toetra-photo.com\/en\/contactez-moi\/\" _self><div style=\"border-color: #be1e2d; color: #be1e2d;\" data-backgroundafter=\"#be1e2d\" data-buttonid=\"69f5d9ee25518\"  class=\"mtheme-button button-has-a-color\"><span class=\"button-icon\"><i class=\"fa fa-calendar\"><\/i><\/span>CONTACT US<\/div><\/a><\/div>","protected":false},"excerpt":{"rendered":"<p>LIVRES PHOTOS Cr\u00e9ez un album photo grand format\u00a0pour les plus beaux \u00e9v\u00e8nements de votre vie et celle de vos proches ou pour vos plus extraordinaires voyages. Votre mariage \u00e9tait magnifique ? Rendez-le inoubliable avec un album de mariage\u00a0qui racontera le plus beau jour de votre vie et vous permettra de revivre chaque instant Formats: A4 ou A3 (en portrait ou en paysage) ou Carr\u00e9 (30&#215;30 ou 40&#215;40) Livre Photo Classique\u00a0ou Livre Photo Professionnel\u00a0 TIRAGES PHOTO Tirages photo sur diff\u00e9rentes formats: [&hellip;]<\/p>","protected":false},"author":1,"featured_media":0,"parent":0,"menu_order":0,"comment_status":"closed","ping_status":"open","template":"","meta":{"footnotes":""},"class_list":["post-2","page","type-page","status-publish","hentry"],"yoast_head":"<!-- This site is optimized with the Yoast SEO plugin v26.8 - https:\/\/yoast.com\/product\/yoast-seo-wordpress\/ -->\n<title>Livrables | Photographe de mariage et de famille<\/title>\n<meta name=\"description\" content=\"Photographe de mariage et de famille |\" \/>\n<meta name=\"robots\" content=\"index, follow, max-snippet:-1, max-image-preview:large, max-video-preview:-1\" \/>\n<link rel=\"canonical\" href=\"https:\/\/toetra-photo.com\/en\/livrables\/\" \/>\n<meta property=\"og:locale\" content=\"en_US\" \/>\n<meta property=\"og:type\" content=\"article\" \/>\n<meta property=\"og:title\" content=\"Livrables | Photographe de mariage et de famille\" \/>\n<meta property=\"og:description\" content=\"Photographe de mariage et de famille |\" \/>\n<meta property=\"og:url\" content=\"https:\/\/toetra-photo.com\/en\/livrables\/\" \/>\n<meta property=\"og:site_name\" content=\"Photographe de mariage et de famille\" \/>\n<meta property=\"article:publisher\" content=\"https:\/\/www.facebook.com\/ToetraPhoto\" \/>\n<meta property=\"article:modified_time\" content=\"2023-11-02T19:25:48+00:00\" \/>\n<meta property=\"og:image\" content=\"https:\/\/toetra-photo.com\/wp-content\/uploads\/2020\/10\/TRJ_2016-1.jpg\" \/>\n\t<meta property=\"og:image:width\" content=\"1920\" \/>\n\t<meta property=\"og:image:height\" content=\"1280\" \/>\n\t<meta property=\"og:image:type\" content=\"image\/jpeg\" \/>\n<meta name=\"twitter:card\" content=\"summary_large_image\" \/>\n<meta name=\"twitter:label1\" content=\"Est. reading time\" \/>\n\t<meta name=\"twitter:data1\" content=\"1 minute\" \/>\n<script type=\"application\/ld+json\" class=\"yoast-schema-graph\">{\"@context\":\"https:\/\/schema.org\",\"@graph\":[{\"@type\":\"Article\",\"@id\":\"https:\/\/toetra-photo.com\/livrables\/#article\",\"isPartOf\":{\"@id\":\"https:\/\/toetra-photo.com\/livrables\/\"},\"author\":{\"name\":\"toetrafi@gmail.com\",\"@id\":\"https:\/\/toetra-photo.com\/#\/schema\/person\/8ba2914e31cec244905f12e9c1fe3e3f\"},\"headline\":\"Livrables\",\"datePublished\":\"2020-08-18T18:19:41+00:00\",\"dateModified\":\"2023-11-02T19:25:48+00:00\",\"mainEntityOfPage\":{\"@id\":\"https:\/\/toetra-photo.com\/livrables\/\"},\"wordCount\":276,\"publisher\":{\"@id\":\"https:\/\/toetra-photo.com\/#\/schema\/person\/8ba2914e31cec244905f12e9c1fe3e3f\"},\"inLanguage\":\"en-US\"},{\"@type\":\"WebPage\",\"@id\":\"https:\/\/toetra-photo.com\/livrables\/\",\"url\":\"https:\/\/toetra-photo.com\/livrables\/\",\"name\":\"Livrables | Photographe de mariage et de famille\",\"isPartOf\":{\"@id\":\"https:\/\/toetra-photo.com\/#website\"},\"datePublished\":\"2020-08-18T18:19:41+00:00\",\"dateModified\":\"2023-11-02T19:25:48+00:00\",\"description\":\"Photographe de mariage et de famille |\",\"breadcrumb\":{\"@id\":\"https:\/\/toetra-photo.com\/livrables\/#breadcrumb\"},\"inLanguage\":\"en-US\",\"potentialAction\":[{\"@type\":\"ReadAction\",\"target\":[\"https:\/\/toetra-photo.com\/livrables\/\"]}]},{\"@type\":\"BreadcrumbList\",\"@id\":\"https:\/\/toetra-photo.com\/livrables\/#breadcrumb\",\"itemListElement\":[{\"@type\":\"ListItem\",\"position\":1,\"name\":\"Accueil\",\"item\":\"https:\/\/toetra-photo.com\/\"},{\"@type\":\"ListItem\",\"position\":2,\"name\":\"Livrables\"}]},{\"@type\":\"WebSite\",\"@id\":\"https:\/\/toetra-photo.com\/#website\",\"url\":\"https:\/\/toetra-photo.com\/\",\"name\":\"Photographe Draguignan Var 83\",\"description\":\"Je vous cr\u00e9e des souvenirs authentiques et intemporels. Contactez-moi pour des prestations personnalis\u00e9es\",\"publisher\":{\"@id\":\"https:\/\/toetra-photo.com\/#\/schema\/person\/8ba2914e31cec244905f12e9c1fe3e3f\"},\"alternateName\":\"Photographe de mariage\",\"potentialAction\":[{\"@type\":\"SearchAction\",\"target\":{\"@type\":\"EntryPoint\",\"urlTemplate\":\"https:\/\/toetra-photo.com\/?s={search_term_string}\"},\"query-input\":{\"@type\":\"PropertyValueSpecification\",\"valueRequired\":true,\"valueName\":\"search_term_string\"}}],\"inLanguage\":\"en-US\"},{\"@type\":[\"Person\",\"Organization\"],\"@id\":\"https:\/\/toetra-photo.com\/#\/schema\/person\/8ba2914e31cec244905f12e9c1fe3e3f\",\"name\":\"toetrafi@gmail.com\",\"image\":{\"@type\":\"ImageObject\",\"inLanguage\":\"en-US\",\"@id\":\"https:\/\/toetra-photo.com\/#\/schema\/person\/image\/\",\"url\":\"https:\/\/toetra-photo.com\/wp-content\/uploads\/2023\/01\/Logo-Toetra-Raly-John-noir.png\",\"contentUrl\":\"https:\/\/toetra-photo.com\/wp-content\/uploads\/2023\/01\/Logo-Toetra-Raly-John-noir.png\",\"width\":475,\"height\":136,\"caption\":\"toetrafi@gmail.com\"},\"logo\":{\"@id\":\"https:\/\/toetra-photo.com\/#\/schema\/person\/image\/\"},\"sameAs\":[\"https:\/\/toetra-photo.com\",\"https:\/\/www.facebook.com\/ToetraPhoto\",\"https:\/\/www.instagram.com\/toetra_raly_john\"]}]}<\/script>\n<!-- \/ Yoast SEO plugin. -->","yoast_head_json":{"title":"Livrables | Photographe de mariage et de famille","description":"Photographe de mariage et de famille |","robots":{"index":"index","follow":"follow","max-snippet":"max-snippet:-1","max-image-preview":"max-image-preview:large","max-video-preview":"max-video-preview:-1"},"canonical":"https:\/\/toetra-photo.com\/en\/livrables\/","og_locale":"en_US","og_type":"article","og_title":"Livrables | Photographe de mariage et de famille","og_description":"Photographe de mariage et de famille |","og_url":"https:\/\/toetra-photo.com\/en\/livrables\/","og_site_name":"Photographe de mariage et de famille","article_publisher":"https:\/\/www.facebook.com\/ToetraPhoto","article_modified_time":"2023-11-02T19:25:48+00:00","og_image":[{"width":1920,"height":1280,"url":"https:\/\/toetra-photo.com\/wp-content\/uploads\/2020\/10\/TRJ_2016-1.jpg","type":"image\/jpeg"}],"twitter_card":"summary_large_image","twitter_misc":{"Est. reading time":"1 minute"},"schema":{"@context":"https:\/\/schema.org","@graph":[{"@type":"Article","@id":"https:\/\/toetra-photo.com\/livrables\/#article","isPartOf":{"@id":"https:\/\/toetra-photo.com\/livrables\/"},"author":{"name":"toetrafi@gmail.com","@id":"https:\/\/toetra-photo.com\/#\/schema\/person\/8ba2914e31cec244905f12e9c1fe3e3f"},"headline":"Livrables","datePublished":"2020-08-18T18:19:41+00:00","dateModified":"2023-11-02T19:25:48+00:00","mainEntityOfPage":{"@id":"https:\/\/toetra-photo.com\/livrables\/"},"wordCount":276,"publisher":{"@id":"https:\/\/toetra-photo.com\/#\/schema\/person\/8ba2914e31cec244905f12e9c1fe3e3f"},"inLanguage":"en-US"},{"@type":"WebPage","@id":"https:\/\/toetra-photo.com\/livrables\/","url":"https:\/\/toetra-photo.com\/livrables\/","name":"Livrables | Photographe de mariage et de famille","isPartOf":{"@id":"https:\/\/toetra-photo.com\/#website"},"datePublished":"2020-08-18T18:19:41+00:00","dateModified":"2023-11-02T19:25:48+00:00","description":"Photographe de mariage et de famille |","breadcrumb":{"@id":"https:\/\/toetra-photo.com\/livrables\/#breadcrumb"},"inLanguage":"en-US","potentialAction":[{"@type":"ReadAction","target":["https:\/\/toetra-photo.com\/livrables\/"]}]},{"@type":"BreadcrumbList","@id":"https:\/\/toetra-photo.com\/livrables\/#breadcrumb","itemListElement":[{"@type":"ListItem","position":1,"name":"Accueil","item":"https:\/\/toetra-photo.com\/"},{"@type":"ListItem","position":2,"name":"Livrables"}]},{"@type":"WebSite","@id":"https:\/\/toetra-photo.com\/#website","url":"https:\/\/toetra-photo.com\/","name":"Photographe Draguignan Var 83","description":"Je vous cr\u00e9e des souvenirs authentiques et intemporels. Contactez-moi pour des prestations personnalis\u00e9es","publisher":{"@id":"https:\/\/toetra-photo.com\/#\/schema\/person\/8ba2914e31cec244905f12e9c1fe3e3f"},"alternateName":"Photographe de mariage","potentialAction":[{"@type":"SearchAction","target":{"@type":"EntryPoint","urlTemplate":"https:\/\/toetra-photo.com\/?s={search_term_string}"},"query-input":{"@type":"PropertyValueSpecification","valueRequired":true,"valueName":"search_term_string"}}],"inLanguage":"en-US"},{"@type":["Person","Organization"],"@id":"https:\/\/toetra-photo.com\/#\/schema\/person\/8ba2914e31cec244905f12e9c1fe3e3f","name":"toetrafi@gmail.com","image":{"@type":"ImageObject","inLanguage":"en-US","@id":"https:\/\/toetra-photo.com\/#\/schema\/person\/image\/","url":"https:\/\/toetra-photo.com\/wp-content\/uploads\/2023\/01\/Logo-Toetra-Raly-John-noir.png","contentUrl":"https:\/\/toetra-photo.com\/wp-content\/uploads\/2023\/01\/Logo-Toetra-Raly-John-noir.png","width":475,"height":136,"caption":"toetrafi@gmail.com"},"logo":{"@id":"https:\/\/toetra-photo.com\/#\/schema\/person\/image\/"},"sameAs":["https:\/\/toetra-photo.com","https:\/\/www.facebook.com\/ToetraPhoto","https:\/\/www.instagram.com\/toetra_raly_john"]}]}},"_links":{"self":[{"href":"https:\/\/toetra-photo.com\/en\/wp-json\/wp\/v2\/pages\/2","targetHints":{"allow":["GET"]}}],"collection":[{"href":"https:\/\/toetra-photo.com\/en\/wp-json\/wp\/v2\/pages"}],"about":[{"href":"https:\/\/toetra-photo.com\/en\/wp-json\/wp\/v2\/types\/page"}],"author":[{"embeddable":true,"href":"https:\/\/toetra-photo.com\/en\/wp-json\/wp\/v2\/users\/1"}],"replies":[{"embeddable":true,"href":"https:\/\/toetra-photo.com\/en\/wp-json\/wp\/v2\/comments?post=2"}],"version-history":[{"count":25,"href":"https:\/\/toetra-photo.com\/en\/wp-json\/wp\/v2\/pages\/2\/revisions"}],"predecessor-version":[{"id":7053,"href":"https:\/\/toetra-photo.com\/en\/wp-json\/wp\/v2\/pages\/2\/revisions\/7053"}],"wp:attachment":[{"href":"https:\/\/toetra-photo.com\/en\/wp-json\/wp\/v2\/media?parent=2"}],"curies":[{"name":"wp","href":"https:\/\/api.w.org\/{rel}","templated":true}]}}